{"id":1148,"date":"2025-12-01T02:15:36","date_gmt":"2025-12-01T02:15:36","guid":{"rendered":"https:\/\/skubekneskubeti.lt\/about\/"},"modified":"2026-03-16T14:58:34","modified_gmt":"2026-03-16T12:58:34","slug":"apie-mus","status":"publish","type":"page","link":"https:\/\/skubekneskubeti.lt\/en\/apie-mus\/","title":{"rendered":"Apie mus"},"content":{"rendered":"<div data-elementor-type=\"wp-page\" data-elementor-id=\"1148\" class=\"elementor elementor-1148\" data-elementor-post-type=\"page\">\n\t\t\t\t<div class=\"elementor-element elementor-element-53f9dad e-con-full e-flex e-con e-parent\" data-id=\"53f9dad\" data-element_type=\"container\" data-settings=\"{&quot;background_background&quot;:&quot;classic&quot;}\">\n\t\t\t\t<div class=\"elementor-element elementor-element-5a1b32d elementor-widget elementor-widget-heading\" data-id=\"5a1b32d\" data-element_type=\"widget\" data-widget_type=\"heading.default\">\n\t\t\t\t\t<h1 class=\"elementor-heading-title elementor-size-default\">Apie mus<\/h1>\t\t\t\t<\/div>\n\t\t\t\t<\/div>\n\t\t<div class=\"elementor-element elementor-element-58939e e-con-full e-flex e-con e-parent\" data-id=\"58939e\" data-element_type=\"container\" data-settings=\"{&quot;background_background&quot;:&quot;classic&quot;}\">\n\t\t<div class=\"elementor-element elementor-element-c506020 e-flex e-con-boxed e-con e-child\" data-id=\"c506020\" data-element_type=\"container\" data-settings=\"{&quot;background_background&quot;:&quot;classic&quot;}\">\n\t\t\t\t\t<div class=\"e-con-inner\">\n\t\t<div class=\"elementor-element elementor-element-c2cf61c e-con-full e-flex e-con e-child\" data-id=\"c2cf61c\" data-element_type=\"container\">\n\t\t\t\t<div class=\"elementor-element elementor-element-cc8c052 elementor-widget elementor-widget-image\" data-id=\"cc8c052\" data-element_type=\"widget\" data-widget_type=\"image.default\">\n\t\t\t\t\t\t\t\t\t\t\t\t\t\t\t<img fetchpriority=\"high\" decoding=\"async\" width=\"1024\" height=\"576\" src=\"https:\/\/skubekneskubeti.lt\/wp-content\/uploads\/2026\/02\/skubek2-1024x576.jpg\" class=\"attachment-large size-large wp-image-2272\" alt=\"\" srcset=\"https:\/\/skubekneskubeti.lt\/wp-content\/uploads\/2026\/02\/skubek2-1024x576.jpg 1024w, https:\/\/skubekneskubeti.lt\/wp-content\/uploads\/2026\/02\/skubek2-300x169.jpg 300w, https:\/\/skubekneskubeti.lt\/wp-content\/uploads\/2026\/02\/skubek2-768x432.jpg 768w, https:\/\/skubekneskubeti.lt\/wp-content\/uploads\/2026\/02\/skubek2-1536x864.jpg 1536w, https:\/\/skubekneskubeti.lt\/wp-content\/uploads\/2026\/02\/skubek2-18x10.jpg 18w, https:\/\/skubekneskubeti.lt\/wp-content\/uploads\/2026\/02\/skubek2-600x338.jpg 600w, https:\/\/skubekneskubeti.lt\/wp-content\/uploads\/2026\/02\/skubek2.jpg 1600w\" sizes=\"(max-width: 1024px) 100vw, 1024px\" \/>\t\t\t\t\t\t\t\t\t\t\t\t\t\t\t<\/div>\n\t\t\t\t<\/div>\n\t\t<div class=\"elementor-element elementor-element-6b681aa e-con-full e-flex e-con e-child\" data-id=\"6b681aa\" data-element_type=\"container\">\n\t\t\t\t<div class=\"elementor-element elementor-element-1769e2c2 elementor-widget elementor-widget-heading\" data-id=\"1769e2c2\" data-element_type=\"widget\" data-widget_type=\"heading.default\">\n\t\t\t\t\t<h2 class=\"elementor-heading-title elementor-size-default\">Skub\u0117k Neskub\u0117ti \u2013 vieta, kurioje skub\u0117jimas nebegalioja<\/h2>\t\t\t\t<\/div>\n\t\t\t\t<div class=\"elementor-element elementor-element-2ba290c5 elementor-widget-divider--view-line elementor-widget elementor-widget-divider\" data-id=\"2ba290c5\" data-element_type=\"widget\" data-widget_type=\"divider.default\">\n\t\t\t\t\t\t\t<div class=\"elementor-divider\">\n\t\t\t<span class=\"elementor-divider-separator\">\n\t\t\t\t\t\t<\/span>\n\t\t<\/div>\n\t\t\t\t\t\t<\/div>\n\t\t\t\t<div class=\"elementor-element elementor-element-6cd4a804 elementor-widget elementor-widget-heading\" data-id=\"6cd4a804\" data-element_type=\"widget\" data-widget_type=\"heading.default\">\n\t\t\t\t\t<p class=\"elementor-heading-title elementor-size-default\">Esame Ingrida ir Aurimas \u0161io kupolinio namelio \u0161eimininkai, kurie myli gamt\u0105, vertina laik\u0105 be skub\u0117jimo. <\/br><\/br>\n\u0160\u012f kupol\u0105 suk\u016br\u0117me savo rankomis, su meile ir pagarba gamtai. Nor\u0117jome, kad jis tapt\u0173 ne tik m\u016bs\u0173, bet ir j\u016bs\u0173 poilsio vieta, kur ryt\u0105 pa\u017eadina mi\u0161ko garsai, o vakare dang\u0173 u\u017epildo \u017evaig\u017ed\u0117s. Kiekvien\u0105 detal\u0119 apgalvojome tam, kad jaustum\u0117t\u0117s jaukiai ir vis\u0105 buvimo laik\u0105 kupoliniame namelyje skirtum\u0117te susiliejimui su gamta.<\/br><\/br>\nMums gamta \u2013 tai ne fonas, o gyvenimo dalis.\nTod\u0117l norime pasidalinti ja su tais, kurie moka sustoti, \u012fsiklausyti ir pails\u0117ti.\nKvie\u010diame atvykti ir patirti tai, kas mums patiems atrodo svarbiausia \u2013\nl\u0117t\u0105 gyvenim\u0105, tikr\u0105 tyl\u0105 ir ram\u0173 buvim\u0105.<\/p>\t\t\t\t<\/div>\n\t\t\t\t<div class=\"elementor-element elementor-element-5b28e58b elementor-mobile-align-center elementor-widget elementor-widget-button\" data-id=\"5b28e58b\" data-element_type=\"widget\" data-widget_type=\"button.default\">\n\t\t\t\t\t\t\t\t\t\t<a class=\"elementor-button elementor-button-link elementor-size-sm\" href=\"\/kainos\">\n\t\t\t\t\t\t<span class=\"elementor-button-content-wrapper\">\n\t\t\t\t\t\t\t\t\t<span class=\"elementor-button-text\">Tikrinti u\u017eimtum\u0105 \ud83d\udc49<\/span>\n\t\t\t\t\t<\/span>\n\t\t\t\t\t<\/a>\n\t\t\t\t\t\t\t\t<\/div>\n\t\t\t\t<\/div>\n\t\t\t\t\t<\/div>\n\t\t\t\t<\/div>\n\t\t\t\t<\/div>\n\t\t\t\t<\/div>","protected":false},"excerpt":{"rendered":"<p>Apie mus Skub\u0117k Neskub\u0117ti \u2013 vieta, kurioje skub\u0117jimas nebegalioja Esame Ingrida ir Aurimas \u0161io kupolinio namelio \u0161eimininkai, kurie myli gamt\u0105, vertina laik\u0105 be skub\u0117jimo. \u0160\u012f kupol\u0105 suk\u016br\u0117me savo rankomis, su meile ir pagarba gamtai. Nor\u0117jome, kad jis tapt\u0173 ne tik m\u016bs\u0173, bet ir j\u016bs\u0173 poilsio vieta, kur ryt\u0105 pa\u017eadina mi\u0161ko garsai, o vakare dang\u0173 u\u017epildo [&hellip;]<\/p>","protected":false},"author":3,"featured_media":0,"parent":0,"menu_order":0,"comment_status":"closed","ping_status":"closed","template":"","meta":{"site-sidebar-layout":"no-sidebar","site-content-layout":"page-builder","ast-site-content-layout":"full-width-container","site-content-style":"unboxed","site-sidebar-style":"unboxed","ast-global-header-display":"","ast-banner-title-visibility":"disabled","ast-main-header-display":"","ast-hfb-above-header-display":"","ast-hfb-below-header-display":"","ast-hfb-mobile-header-display":"","site-post-title":"disabled","ast-breadcrumbs-content":"","ast-featured-img":"disabled","footer-sml-layout":"","theme-transparent-header-meta":"enabled","adv-header-id-meta":"","stick-header-meta":"","header-above-stick-meta":"","header-main-stick-meta":"","header-below-stick-meta":"","astra-migrate-meta-layouts":"set","ast-page-background-enabled":"default","ast-page-background-meta":{"desktop":{"background-color":"var(--ast-global-color-4)","background-image":"","background-repeat":"repeat","background-position":"center center","background-size":"auto","background-attachment":"scroll","background-type":"","background-media":"","overlay-type":"","overlay-color":"","overlay-opacity":"","overlay-gradient":""},"tablet":{"background-color":"","background-image":"","background-repeat":"repeat","background-position":"center center","background-size":"auto","background-attachment":"scroll","background-type":"","background-media":"","overlay-type":"","overlay-color":"","overlay-opacity":"","overlay-gradient":""},"mobile":{"background-color":"","background-image":"","background-repeat":"repeat","background-position":"center center","background-size":"auto","background-attachment":"scroll","background-type":"","background-media":"","overlay-type":"","overlay-color":"","overlay-opacity":"","overlay-gradient":""}},"ast-content-background-meta":{"desktop":{"background-color":"var(--ast-global-color-5)","background-image":"","background-repeat":"repeat","background-position":"center center","background-size":"auto","background-attachment":"scroll","background-type":"","background-media":"","overlay-type":"","overlay-color":"","overlay-opacity":"","overlay-gradient":""},"tablet":{"background-color":"var(--ast-global-color-5)","background-image":"","background-repeat":"repeat","background-position":"center center","background-size":"auto","background-attachment":"scroll","background-type":"","background-media":"","overlay-type":"","overlay-color":"","overlay-opacity":"","overlay-gradient":""},"mobile":{"background-color":"var(--ast-global-color-5)","background-image":"","background-repeat":"repeat","background-position":"center center","background-size":"auto","background-attachment":"scroll","background-type":"","background-media":"","overlay-type":"","overlay-color":"","overlay-opacity":"","overlay-gradient":""}},"footnotes":""},"class_list":["post-1148","page","type-page","status-publish","hentry"],"yoast_head":"<!-- This site is optimized with the Yoast SEO Premium plugin v25.7.1 (Yoast SEO v26.4) - https:\/\/yoast.com\/wordpress\/plugins\/seo\/ -->\n<title>Apie mus - Skubek neskub\u0117ti<\/title>\n<meta name=\"robots\" content=\"index, follow, max-snippet:-1, max-image-preview:large, max-video-preview:-1\" \/>\n<link rel=\"canonical\" href=\"https:\/\/skubekneskubeti.lt\/en\/apie-mus\/\" \/>\n<meta property=\"og:locale\" content=\"en_GB\" \/>\n<meta property=\"og:type\" content=\"article\" \/>\n<meta property=\"og:title\" content=\"Apie mus\" \/>\n<meta property=\"og:description\" content=\"Apie mus Skub\u0117k Neskub\u0117ti \u2013 vieta, kurioje skub\u0117jimas nebegalioja Esame Ingrida ir Aurimas \u0161io kupolinio namelio \u0161eimininkai, kurie myli gamt\u0105, vertina laik\u0105 be skub\u0117jimo. \u0160\u012f kupol\u0105 suk\u016br\u0117me savo rankomis, su meile ir pagarba gamtai. Nor\u0117jome, kad jis tapt\u0173 ne tik m\u016bs\u0173, bet ir j\u016bs\u0173 poilsio vieta, kur ryt\u0105 pa\u017eadina mi\u0161ko garsai, o vakare dang\u0173 u\u017epildo [&hellip;]\" \/>\n<meta property=\"og:url\" content=\"https:\/\/skubekneskubeti.lt\/en\/apie-mus\/\" \/>\n<meta property=\"og:site_name\" content=\"Skubek neskub\u0117ti\" \/>\n<meta property=\"article:modified_time\" content=\"2026-03-16T12:58:34+00:00\" \/>\n<meta property=\"og:image\" content=\"https:\/\/skubekneskubeti.lt\/wp-content\/uploads\/2026\/02\/skubek2.jpg\" \/>\n\t<meta property=\"og:image:width\" content=\"1600\" \/>\n\t<meta property=\"og:image:height\" content=\"900\" \/>\n\t<meta property=\"og:image:type\" content=\"image\/jpeg\" \/>\n<meta name=\"twitter:card\" content=\"summary_large_image\" \/>\n<meta name=\"twitter:label1\" content=\"Estimated reading time\" \/>\n\t<meta name=\"twitter:data1\" content=\"1 minute\" \/>\n<script type=\"application\/ld+json\" class=\"yoast-schema-graph\">{\"@context\":\"https:\/\/schema.org\",\"@graph\":[{\"@type\":\"WebPage\",\"@id\":\"https:\/\/skubekneskubeti.lt\/apie-mus\/\",\"url\":\"https:\/\/skubekneskubeti.lt\/apie-mus\/\",\"name\":\"Apie mus - Skubek neskub\u0117ti\",\"isPartOf\":{\"@id\":\"https:\/\/skubekneskubeti.lt\/#website\"},\"primaryImageOfPage\":{\"@id\":\"https:\/\/skubekneskubeti.lt\/apie-mus\/#primaryimage\"},\"image\":{\"@id\":\"https:\/\/skubekneskubeti.lt\/apie-mus\/#primaryimage\"},\"thumbnailUrl\":\"https:\/\/skubekneskubeti.lt\/wp-content\/uploads\/2026\/02\/skubek2-1024x576.jpg\",\"datePublished\":\"2025-12-01T02:15:36+00:00\",\"dateModified\":\"2026-03-16T12:58:34+00:00\",\"breadcrumb\":{\"@id\":\"https:\/\/skubekneskubeti.lt\/apie-mus\/#breadcrumb\"},\"inLanguage\":\"en-GB\",\"potentialAction\":[{\"@type\":\"ReadAction\",\"target\":[\"https:\/\/skubekneskubeti.lt\/apie-mus\/\"]}]},{\"@type\":\"ImageObject\",\"inLanguage\":\"en-GB\",\"@id\":\"https:\/\/skubekneskubeti.lt\/apie-mus\/#primaryimage\",\"url\":\"https:\/\/skubekneskubeti.lt\/wp-content\/uploads\/2026\/02\/skubek2-1024x576.jpg\",\"contentUrl\":\"https:\/\/skubekneskubeti.lt\/wp-content\/uploads\/2026\/02\/skubek2-1024x576.jpg\"},{\"@type\":\"BreadcrumbList\",\"@id\":\"https:\/\/skubekneskubeti.lt\/apie-mus\/#breadcrumb\",\"itemListElement\":[{\"@type\":\"ListItem\",\"position\":1,\"name\":\"Home\",\"item\":\"https:\/\/skubekneskubeti.lt\/\"},{\"@type\":\"ListItem\",\"position\":2,\"name\":\"Apie mus\"}]},{\"@type\":\"WebSite\",\"@id\":\"https:\/\/skubekneskubeti.lt\/#website\",\"url\":\"https:\/\/skubekneskubeti.lt\/\",\"name\":\"Skubek neskub\u0117ti\",\"description\":\"\",\"publisher\":{\"@id\":\"https:\/\/skubekneskubeti.lt\/#organization\"},\"potentialAction\":[{\"@type\":\"SearchAction\",\"target\":{\"@type\":\"EntryPoint\",\"urlTemplate\":\"https:\/\/skubekneskubeti.lt\/?s={search_term_string}\"},\"query-input\":{\"@type\":\"PropertyValueSpecification\",\"valueRequired\":true,\"valueName\":\"search_term_string\"}}],\"inLanguage\":\"en-GB\"},{\"@type\":\"Organization\",\"@id\":\"https:\/\/skubekneskubeti.lt\/#organization\",\"name\":\"Skubek neskub\u0117ti\",\"url\":\"https:\/\/skubekneskubeti.lt\/\",\"logo\":{\"@type\":\"ImageObject\",\"inLanguage\":\"en-GB\",\"@id\":\"https:\/\/skubekneskubeti.lt\/#\/schema\/logo\/image\/\",\"url\":\"https:\/\/skubekneskubeti.lt\/wp-content\/uploads\/2025\/12\/logo.jpg\",\"contentUrl\":\"https:\/\/skubekneskubeti.lt\/wp-content\/uploads\/2025\/12\/logo.jpg\",\"width\":2000,\"height\":2001,\"caption\":\"Skubek neskub\u0117ti\"},\"image\":{\"@id\":\"https:\/\/skubekneskubeti.lt\/#\/schema\/logo\/image\/\"}}]}<\/script>\n<!-- \/ Yoast SEO Premium plugin. -->","yoast_head_json":{"title":"Apie mus - Skubek neskub\u0117ti","robots":{"index":"index","follow":"follow","max-snippet":"max-snippet:-1","max-image-preview":"max-image-preview:large","max-video-preview":"max-video-preview:-1"},"canonical":"https:\/\/skubekneskubeti.lt\/en\/apie-mus\/","og_locale":"en_GB","og_type":"article","og_title":"Apie mus","og_description":"Apie mus Skub\u0117k Neskub\u0117ti \u2013 vieta, kurioje skub\u0117jimas nebegalioja Esame Ingrida ir Aurimas \u0161io kupolinio namelio \u0161eimininkai, kurie myli gamt\u0105, vertina laik\u0105 be skub\u0117jimo. \u0160\u012f kupol\u0105 suk\u016br\u0117me savo rankomis, su meile ir pagarba gamtai. Nor\u0117jome, kad jis tapt\u0173 ne tik m\u016bs\u0173, bet ir j\u016bs\u0173 poilsio vieta, kur ryt\u0105 pa\u017eadina mi\u0161ko garsai, o vakare dang\u0173 u\u017epildo [&hellip;]","og_url":"https:\/\/skubekneskubeti.lt\/en\/apie-mus\/","og_site_name":"Skubek neskub\u0117ti","article_modified_time":"2026-03-16T12:58:34+00:00","og_image":[{"width":1600,"height":900,"url":"https:\/\/skubekneskubeti.lt\/wp-content\/uploads\/2026\/02\/skubek2.jpg","type":"image\/jpeg"}],"twitter_card":"summary_large_image","twitter_misc":{"Estimated reading time":"1 minute"},"schema":{"@context":"https:\/\/schema.org","@graph":[{"@type":"WebPage","@id":"https:\/\/skubekneskubeti.lt\/apie-mus\/","url":"https:\/\/skubekneskubeti.lt\/apie-mus\/","name":"Apie mus - Skubek neskub\u0117ti","isPartOf":{"@id":"https:\/\/skubekneskubeti.lt\/#website"},"primaryImageOfPage":{"@id":"https:\/\/skubekneskubeti.lt\/apie-mus\/#primaryimage"},"image":{"@id":"https:\/\/skubekneskubeti.lt\/apie-mus\/#primaryimage"},"thumbnailUrl":"https:\/\/skubekneskubeti.lt\/wp-content\/uploads\/2026\/02\/skubek2-1024x576.jpg","datePublished":"2025-12-01T02:15:36+00:00","dateModified":"2026-03-16T12:58:34+00:00","breadcrumb":{"@id":"https:\/\/skubekneskubeti.lt\/apie-mus\/#breadcrumb"},"inLanguage":"en-GB","potentialAction":[{"@type":"ReadAction","target":["https:\/\/skubekneskubeti.lt\/apie-mus\/"]}]},{"@type":"ImageObject","inLanguage":"en-GB","@id":"https:\/\/skubekneskubeti.lt\/apie-mus\/#primaryimage","url":"https:\/\/skubekneskubeti.lt\/wp-content\/uploads\/2026\/02\/skubek2-1024x576.jpg","contentUrl":"https:\/\/skubekneskubeti.lt\/wp-content\/uploads\/2026\/02\/skubek2-1024x576.jpg"},{"@type":"BreadcrumbList","@id":"https:\/\/skubekneskubeti.lt\/apie-mus\/#breadcrumb","itemListElement":[{"@type":"ListItem","position":1,"name":"Home","item":"https:\/\/skubekneskubeti.lt\/"},{"@type":"ListItem","position":2,"name":"Apie mus"}]},{"@type":"WebSite","@id":"https:\/\/skubekneskubeti.lt\/#website","url":"https:\/\/skubekneskubeti.lt\/","name":"Skubek neskub\u0117ti","description":"","publisher":{"@id":"https:\/\/skubekneskubeti.lt\/#organization"},"potentialAction":[{"@type":"SearchAction","target":{"@type":"EntryPoint","urlTemplate":"https:\/\/skubekneskubeti.lt\/?s={search_term_string}"},"query-input":{"@type":"PropertyValueSpecification","valueRequired":true,"valueName":"search_term_string"}}],"inLanguage":"en-GB"},{"@type":"Organization","@id":"https:\/\/skubekneskubeti.lt\/#organization","name":"Skubek neskub\u0117ti","url":"https:\/\/skubekneskubeti.lt\/","logo":{"@type":"ImageObject","inLanguage":"en-GB","@id":"https:\/\/skubekneskubeti.lt\/#\/schema\/logo\/image\/","url":"https:\/\/skubekneskubeti.lt\/wp-content\/uploads\/2025\/12\/logo.jpg","contentUrl":"https:\/\/skubekneskubeti.lt\/wp-content\/uploads\/2025\/12\/logo.jpg","width":2000,"height":2001,"caption":"Skubek neskub\u0117ti"},"image":{"@id":"https:\/\/skubekneskubeti.lt\/#\/schema\/logo\/image\/"}}]}},"_links":{"self":[{"href":"https:\/\/skubekneskubeti.lt\/en\/wp-json\/wp\/v2\/pages\/1148","targetHints":{"allow":["GET"]}}],"collection":[{"href":"https:\/\/skubekneskubeti.lt\/en\/wp-json\/wp\/v2\/pages"}],"about":[{"href":"https:\/\/skubekneskubeti.lt\/en\/wp-json\/wp\/v2\/types\/page"}],"author":[{"embeddable":true,"href":"https:\/\/skubekneskubeti.lt\/en\/wp-json\/wp\/v2\/users\/3"}],"replies":[{"embeddable":true,"href":"https:\/\/skubekneskubeti.lt\/en\/wp-json\/wp\/v2\/comments?post=1148"}],"version-history":[{"count":52,"href":"https:\/\/skubekneskubeti.lt\/en\/wp-json\/wp\/v2\/pages\/1148\/revisions"}],"predecessor-version":[{"id":2543,"href":"https:\/\/skubekneskubeti.lt\/en\/wp-json\/wp\/v2\/pages\/1148\/revisions\/2543"}],"wp:attachment":[{"href":"https:\/\/skubekneskubeti.lt\/en\/wp-json\/wp\/v2\/media?parent=1148"}],"curies":[{"name":"wp","href":"https:\/\/api.w.org\/{rel}","templated":true}]}}