{"id":1374,"date":"2025-12-01T06:46:15","date_gmt":"2025-12-01T06:46:15","guid":{"rendered":"https:\/\/skubekneskubeti.lt\/?page_id=1374"},"modified":"2026-01-22T14:24:43","modified_gmt":"2026-01-22T14:24:43","slug":"galerija","status":"publish","type":"page","link":"https:\/\/skubekneskubeti.lt\/pl\/galerija\/","title":{"rendered":"Galerija"},"content":{"rendered":"<div data-elementor-type=\"wp-page\" data-elementor-id=\"1374\" class=\"elementor elementor-1374\" data-elementor-post-type=\"page\">\n\t\t\t\t<div class=\"elementor-element elementor-element-1427e283 e-con-full e-flex e-con e-parent\" data-id=\"1427e283\" data-element_type=\"container\" data-settings=\"{&quot;background_background&quot;:&quot;classic&quot;}\">\n\t\t\t\t<div class=\"elementor-element elementor-element-1386829 elementor-widget elementor-widget-template\" data-id=\"1386829\" data-element_type=\"widget\" data-widget_type=\"template.default\">\n\t\t\t\t<div class=\"elementor-widget-container\">\n\t\t\t\t\t\t\t<div class=\"elementor-template\">\r\n\t\t\t\t\t<div data-elementor-type=\"section\" data-elementor-id=\"1808\" class=\"elementor elementor-1808\" data-elementor-post-type=\"elementor_library\">\r\n\t\t\t<div class=\"elementor-element elementor-element-242ed611 e-con-full e-flex e-con e-parent\" data-id=\"242ed611\" data-element_type=\"container\" data-settings=\"{&quot;background_background&quot;:&quot;classic&quot;}\">\n\t\t<div class=\"elementor-element elementor-element-1deda1b5 e-flex e-con-boxed e-con e-child\" data-id=\"1deda1b5\" data-element_type=\"container\">\n\t\t\t\t\t<div class=\"e-con-inner\">\n\t\t\t\t<div class=\"elementor-element elementor-element-11ae25b4 elementor-widget elementor-widget-heading\" data-id=\"11ae25b4\" data-element_type=\"widget\" data-widget_type=\"heading.default\">\n\t\t\t\t\t<h2 class=\"elementor-heading-title elementor-size-default\">Poilsio erdv\u0117 poroms \ud83d\udc69\ud83c\udffb\u200d\u2764\ufe0f\u200d\ud83d\udc68\ud83c\udffb<\/h2>\t\t\t\t<\/div>\n\t\t\t\t<div class=\"elementor-element elementor-element-1477b06e elementor-widget elementor-widget-heading\" data-id=\"1477b06e\" data-element_type=\"widget\" data-widget_type=\"heading.default\">\n\t\t\t\t\t<p class=\"elementor-heading-title elementor-size-default\">Kruop\u0161\u010diai pri\u017ei\u016brime kiekvien\u0105 detal\u0119, kad J\u016bs\u0173 poilsis b\u016bt\u0173 ne tik patogus, bet ir \u012fsimintinas. \u0160tai k\u0105 rasite apsilank\u0119 pas mus.<\/p>\t\t\t\t<\/div>\n\t\t\t\t<div class=\"elementor-element elementor-element-10a4790b elementor-widget-divider--view-line elementor-widget elementor-widget-divider\" data-id=\"10a4790b\" data-element_type=\"widget\" data-widget_type=\"divider.default\">\n\t\t\t\t\t\t\t<div class=\"elementor-divider\">\n\t\t\t<span class=\"elementor-divider-separator\">\n\t\t\t\t\t\t<\/span>\n\t\t<\/div>\n\t\t\t\t\t\t<\/div>\n\t\t<div class=\"elementor-element elementor-element-75c4a490 e-con-full e-flex e-con e-child\" data-id=\"75c4a490\" data-element_type=\"container\">\n\t\t<div class=\"elementor-element elementor-element-7d734c97 e-con-full e-flex e-con e-child\" data-id=\"7d734c97\" data-element_type=\"container\">\n\t\t\t\t<div class=\"elementor-element elementor-element-7ef3c85f elementor-widget elementor-widget-image\" data-id=\"7ef3c85f\" data-element_type=\"widget\" data-widget_type=\"image.default\">\n\t\t\t\t\t\t\t\t\t\t\t\t\t\t\t<img fetchpriority=\"high\" decoding=\"async\" width=\"1024\" height=\"768\" src=\"https:\/\/skubekneskubeti.lt\/wp-content\/uploads\/2025\/12\/2.jpg\" class=\"attachment-large size-large wp-image-1175\" alt=\"\" srcset=\"https:\/\/skubekneskubeti.lt\/wp-content\/uploads\/2025\/12\/2.jpg 1024w, https:\/\/skubekneskubeti.lt\/wp-content\/uploads\/2025\/12\/2-600x450.jpg 600w, https:\/\/skubekneskubeti.lt\/wp-content\/uploads\/2025\/12\/2-300x225.jpg 300w, https:\/\/skubekneskubeti.lt\/wp-content\/uploads\/2025\/12\/2-768x576.jpg 768w\" sizes=\"(max-width: 1024px) 100vw, 1024px\" \/>\t\t\t\t\t\t\t\t\t\t\t\t\t\t\t<\/div>\n\t\t\t\t<\/div>\n\t\t<div class=\"elementor-element elementor-element-4ed01ea8 e-con-full e-flex e-con e-child\" data-id=\"4ed01ea8\" data-element_type=\"container\">\n\t\t\t\t<div class=\"elementor-element elementor-element-1bd8a968 elementor-widget elementor-widget-image\" data-id=\"1bd8a968\" data-element_type=\"widget\" data-widget_type=\"image.default\">\n\t\t\t\t\t\t\t\t\t\t\t\t\t\t\t<img decoding=\"async\" width=\"1024\" height=\"768\" src=\"https:\/\/skubekneskubeti.lt\/wp-content\/uploads\/2025\/12\/3.jpg\" class=\"attachment-large size-large wp-image-1176\" alt=\"\" srcset=\"https:\/\/skubekneskubeti.lt\/wp-content\/uploads\/2025\/12\/3.jpg 1024w, https:\/\/skubekneskubeti.lt\/wp-content\/uploads\/2025\/12\/3-600x450.jpg 600w, https:\/\/skubekneskubeti.lt\/wp-content\/uploads\/2025\/12\/3-300x225.jpg 300w, https:\/\/skubekneskubeti.lt\/wp-content\/uploads\/2025\/12\/3-768x576.jpg 768w\" sizes=\"(max-width: 1024px) 100vw, 1024px\" \/>\t\t\t\t\t\t\t\t\t\t\t\t\t\t\t<\/div>\n\t\t\t\t<\/div>\n\t\t<div class=\"elementor-element elementor-element-2b1dd9e4 e-con-full e-flex e-con e-child\" data-id=\"2b1dd9e4\" data-element_type=\"container\">\n\t\t\t\t<div class=\"elementor-element elementor-element-21d403a1 elementor-widget elementor-widget-image\" data-id=\"21d403a1\" data-element_type=\"widget\" data-widget_type=\"image.default\">\n\t\t\t\t\t\t\t\t\t\t\t\t\t\t\t<img decoding=\"async\" width=\"1024\" height=\"768\" src=\"https:\/\/skubekneskubeti.lt\/wp-content\/uploads\/2025\/12\/4.jpg\" class=\"attachment-large size-large wp-image-1177\" alt=\"\" srcset=\"https:\/\/skubekneskubeti.lt\/wp-content\/uploads\/2025\/12\/4.jpg 1024w, https:\/\/skubekneskubeti.lt\/wp-content\/uploads\/2025\/12\/4-600x450.jpg 600w, https:\/\/skubekneskubeti.lt\/wp-content\/uploads\/2025\/12\/4-300x225.jpg 300w, https:\/\/skubekneskubeti.lt\/wp-content\/uploads\/2025\/12\/4-768x576.jpg 768w\" sizes=\"(max-width: 1024px) 100vw, 1024px\" \/>\t\t\t\t\t\t\t\t\t\t\t\t\t\t\t<\/div>\n\t\t\t\t<\/div>\n\t\t\t\t<\/div>\n\t\t<div class=\"elementor-element elementor-element-7729fe46 e-con-full e-flex e-con e-child\" data-id=\"7729fe46\" data-element_type=\"container\">\n\t\t<div class=\"elementor-element elementor-element-1f7038d6 e-con-full e-flex e-con e-child\" data-id=\"1f7038d6\" data-element_type=\"container\">\n\t\t\t\t<div class=\"elementor-element elementor-element-3b0f7388 elementor-widget elementor-widget-image\" data-id=\"3b0f7388\" data-element_type=\"widget\" data-widget_type=\"image.default\">\n\t\t\t\t\t\t\t\t\t\t\t\t\t\t\t<img loading=\"lazy\" decoding=\"async\" width=\"1024\" height=\"768\" src=\"https:\/\/skubekneskubeti.lt\/wp-content\/uploads\/2025\/12\/5.jpg\" class=\"attachment-large size-large wp-image-1178\" alt=\"\" srcset=\"https:\/\/skubekneskubeti.lt\/wp-content\/uploads\/2025\/12\/5.jpg 1024w, https:\/\/skubekneskubeti.lt\/wp-content\/uploads\/2025\/12\/5-600x450.jpg 600w, https:\/\/skubekneskubeti.lt\/wp-content\/uploads\/2025\/12\/5-300x225.jpg 300w, https:\/\/skubekneskubeti.lt\/wp-content\/uploads\/2025\/12\/5-768x576.jpg 768w\" sizes=\"(max-width: 1024px) 100vw, 1024px\" \/>\t\t\t\t\t\t\t\t\t\t\t\t\t\t\t<\/div>\n\t\t\t\t<\/div>\n\t\t<div class=\"elementor-element elementor-element-7232eb95 e-con-full e-flex e-con e-child\" data-id=\"7232eb95\" data-element_type=\"container\">\n\t\t\t\t<div class=\"elementor-element elementor-element-4487a4d6 elementor-widget elementor-widget-image\" data-id=\"4487a4d6\" data-element_type=\"widget\" data-widget_type=\"image.default\">\n\t\t\t\t\t\t\t\t\t\t\t\t\t\t\t<img loading=\"lazy\" decoding=\"async\" width=\"1024\" height=\"768\" src=\"https:\/\/skubekneskubeti.lt\/wp-content\/uploads\/2025\/12\/6.jpg\" class=\"attachment-large size-large wp-image-1179\" alt=\"\" srcset=\"https:\/\/skubekneskubeti.lt\/wp-content\/uploads\/2025\/12\/6.jpg 1024w, https:\/\/skubekneskubeti.lt\/wp-content\/uploads\/2025\/12\/6-600x450.jpg 600w, https:\/\/skubekneskubeti.lt\/wp-content\/uploads\/2025\/12\/6-300x225.jpg 300w, https:\/\/skubekneskubeti.lt\/wp-content\/uploads\/2025\/12\/6-768x576.jpg 768w\" sizes=\"(max-width: 1024px) 100vw, 1024px\" \/>\t\t\t\t\t\t\t\t\t\t\t\t\t\t\t<\/div>\n\t\t\t\t<\/div>\n\t\t<div class=\"elementor-element elementor-element-764bc30b e-con-full e-flex e-con e-child\" data-id=\"764bc30b\" data-element_type=\"container\">\n\t\t\t\t<div class=\"elementor-element elementor-element-395ce151 elementor-widget elementor-widget-image\" data-id=\"395ce151\" data-element_type=\"widget\" data-widget_type=\"image.default\">\n\t\t\t\t\t\t\t\t\t\t\t\t\t\t\t<img loading=\"lazy\" decoding=\"async\" width=\"1024\" height=\"768\" src=\"https:\/\/skubekneskubeti.lt\/wp-content\/uploads\/2025\/12\/7.jpg\" class=\"attachment-large size-large wp-image-1180\" alt=\"\" srcset=\"https:\/\/skubekneskubeti.lt\/wp-content\/uploads\/2025\/12\/7.jpg 1024w, https:\/\/skubekneskubeti.lt\/wp-content\/uploads\/2025\/12\/7-600x450.jpg 600w, https:\/\/skubekneskubeti.lt\/wp-content\/uploads\/2025\/12\/7-300x225.jpg 300w, https:\/\/skubekneskubeti.lt\/wp-content\/uploads\/2025\/12\/7-768x576.jpg 768w\" sizes=\"(max-width: 1024px) 100vw, 1024px\" \/>\t\t\t\t\t\t\t\t\t\t\t\t\t\t\t<\/div>\n\t\t\t\t<\/div>\n\t\t\t\t<\/div>\n\t\t<div class=\"elementor-element elementor-element-21288f0d e-con-full e-flex e-con e-child\" data-id=\"21288f0d\" data-element_type=\"container\">\n\t\t<div class=\"elementor-element elementor-element-39998990 e-con-full e-flex e-con e-child\" data-id=\"39998990\" data-element_type=\"container\">\n\t\t\t\t<div class=\"elementor-element elementor-element-72a10296 elementor-widget elementor-widget-image\" data-id=\"72a10296\" data-element_type=\"widget\" data-widget_type=\"image.default\">\n\t\t\t\t\t\t\t\t\t\t\t\t\t\t\t<img loading=\"lazy\" decoding=\"async\" width=\"768\" height=\"1024\" src=\"https:\/\/skubekneskubeti.lt\/wp-content\/uploads\/2025\/12\/13.jpeg\" class=\"attachment-large size-large wp-image-1186\" alt=\"\" srcset=\"https:\/\/skubekneskubeti.lt\/wp-content\/uploads\/2025\/12\/13.jpeg 768w, https:\/\/skubekneskubeti.lt\/wp-content\/uploads\/2025\/12\/13-600x800.jpeg 600w, https:\/\/skubekneskubeti.lt\/wp-content\/uploads\/2025\/12\/13-225x300.jpeg 225w\" sizes=\"(max-width: 768px) 100vw, 768px\" \/>\t\t\t\t\t\t\t\t\t\t\t\t\t\t\t<\/div>\n\t\t\t\t<\/div>\n\t\t<div class=\"elementor-element elementor-element-79fc5fce e-con-full e-flex e-con e-child\" data-id=\"79fc5fce\" data-element_type=\"container\">\n\t\t\t\t<div class=\"elementor-element elementor-element-6604e2a elementor-widget elementor-widget-image\" data-id=\"6604e2a\" data-element_type=\"widget\" data-widget_type=\"image.default\">\n\t\t\t\t\t\t\t\t\t\t\t\t\t\t\t<img loading=\"lazy\" decoding=\"async\" width=\"768\" height=\"1024\" src=\"https:\/\/skubekneskubeti.lt\/wp-content\/uploads\/2025\/12\/9.jpeg\" class=\"attachment-large size-large wp-image-1182\" alt=\"\" srcset=\"https:\/\/skubekneskubeti.lt\/wp-content\/uploads\/2025\/12\/9.jpeg 768w, https:\/\/skubekneskubeti.lt\/wp-content\/uploads\/2025\/12\/9-600x800.jpeg 600w, https:\/\/skubekneskubeti.lt\/wp-content\/uploads\/2025\/12\/9-225x300.jpeg 225w\" sizes=\"(max-width: 768px) 100vw, 768px\" \/>\t\t\t\t\t\t\t\t\t\t\t\t\t\t\t<\/div>\n\t\t\t\t<\/div>\n\t\t<div class=\"elementor-element elementor-element-644a0297 e-con-full e-flex e-con e-child\" data-id=\"644a0297\" data-element_type=\"container\">\n\t\t\t\t<div class=\"elementor-element elementor-element-51e65bca elementor-widget elementor-widget-image\" data-id=\"51e65bca\" data-element_type=\"widget\" data-widget_type=\"image.default\">\n\t\t\t\t\t\t\t\t\t\t\t\t\t\t\t<img loading=\"lazy\" decoding=\"async\" width=\"768\" height=\"1024\" src=\"https:\/\/skubekneskubeti.lt\/wp-content\/uploads\/2025\/12\/12.jpeg\" class=\"attachment-large size-large wp-image-1185\" alt=\"\" srcset=\"https:\/\/skubekneskubeti.lt\/wp-content\/uploads\/2025\/12\/12.jpeg 768w, https:\/\/skubekneskubeti.lt\/wp-content\/uploads\/2025\/12\/12-600x800.jpeg 600w, https:\/\/skubekneskubeti.lt\/wp-content\/uploads\/2025\/12\/12-225x300.jpeg 225w\" sizes=\"(max-width: 768px) 100vw, 768px\" \/>\t\t\t\t\t\t\t\t\t\t\t\t\t\t\t<\/div>\n\t\t\t\t<\/div>\n\t\t\t\t<\/div>\n\t\t<div class=\"elementor-element elementor-element-7ca63864 e-con-full e-flex e-con e-child\" data-id=\"7ca63864\" data-element_type=\"container\">\n\t\t<div class=\"elementor-element elementor-element-4c8e2002 e-con-full e-flex e-con e-child\" data-id=\"4c8e2002\" data-element_type=\"container\">\n\t\t\t\t<div class=\"elementor-element elementor-element-3d993ffd elementor-widget elementor-widget-image\" data-id=\"3d993ffd\" data-element_type=\"widget\" data-widget_type=\"image.default\">\n\t\t\t\t\t\t\t\t\t\t\t\t\t\t\t<img loading=\"lazy\" decoding=\"async\" width=\"768\" height=\"1024\" src=\"https:\/\/skubekneskubeti.lt\/wp-content\/uploads\/2025\/12\/14.jpeg\" class=\"attachment-large size-large wp-image-1187\" alt=\"\" srcset=\"https:\/\/skubekneskubeti.lt\/wp-content\/uploads\/2025\/12\/14.jpeg 768w, https:\/\/skubekneskubeti.lt\/wp-content\/uploads\/2025\/12\/14-600x800.jpeg 600w, https:\/\/skubekneskubeti.lt\/wp-content\/uploads\/2025\/12\/14-225x300.jpeg 225w\" sizes=\"(max-width: 768px) 100vw, 768px\" \/>\t\t\t\t\t\t\t\t\t\t\t\t\t\t\t<\/div>\n\t\t\t\t<\/div>\n\t\t<div class=\"elementor-element elementor-element-4f4acd9 e-con-full e-flex e-con e-child\" data-id=\"4f4acd9\" data-element_type=\"container\">\n\t\t\t\t<div class=\"elementor-element elementor-element-381c0afb elementor-widget elementor-widget-image\" data-id=\"381c0afb\" data-element_type=\"widget\" data-widget_type=\"image.default\">\n\t\t\t\t\t\t\t\t\t\t\t\t\t\t\t<img loading=\"lazy\" decoding=\"async\" width=\"768\" height=\"1024\" src=\"https:\/\/skubekneskubeti.lt\/wp-content\/uploads\/2025\/12\/15.jpeg\" class=\"attachment-large size-large wp-image-1188\" alt=\"\" srcset=\"https:\/\/skubekneskubeti.lt\/wp-content\/uploads\/2025\/12\/15.jpeg 768w, https:\/\/skubekneskubeti.lt\/wp-content\/uploads\/2025\/12\/15-600x800.jpeg 600w, https:\/\/skubekneskubeti.lt\/wp-content\/uploads\/2025\/12\/15-225x300.jpeg 225w\" sizes=\"(max-width: 768px) 100vw, 768px\" \/>\t\t\t\t\t\t\t\t\t\t\t\t\t\t\t<\/div>\n\t\t\t\t<\/div>\n\t\t<div class=\"elementor-element elementor-element-7f56680f e-con-full e-flex e-con e-child\" data-id=\"7f56680f\" data-element_type=\"container\">\n\t\t\t\t<div class=\"elementor-element elementor-element-16683efc elementor-widget elementor-widget-image\" data-id=\"16683efc\" data-element_type=\"widget\" data-widget_type=\"image.default\">\n\t\t\t\t\t\t\t\t\t\t\t\t\t\t\t<img loading=\"lazy\" decoding=\"async\" width=\"768\" height=\"1024\" src=\"https:\/\/skubekneskubeti.lt\/wp-content\/uploads\/2025\/12\/16.jpeg\" class=\"attachment-large size-large wp-image-1189\" alt=\"\" srcset=\"https:\/\/skubekneskubeti.lt\/wp-content\/uploads\/2025\/12\/16.jpeg 768w, https:\/\/skubekneskubeti.lt\/wp-content\/uploads\/2025\/12\/16-600x800.jpeg 600w, https:\/\/skubekneskubeti.lt\/wp-content\/uploads\/2025\/12\/16-225x300.jpeg 225w\" sizes=\"(max-width: 768px) 100vw, 768px\" \/>\t\t\t\t\t\t\t\t\t\t\t\t\t\t\t<\/div>\n\t\t\t\t<\/div>\n\t\t\t\t<\/div>\n\t\t<div class=\"elementor-element elementor-element-20a463f2 e-con-full e-flex e-con e-child\" data-id=\"20a463f2\" data-element_type=\"container\">\n\t\t<div class=\"elementor-element elementor-element-61fb251f e-con-full e-flex e-con e-child\" data-id=\"61fb251f\" data-element_type=\"container\">\n\t\t\t\t<div class=\"elementor-element elementor-element-462612ce elementor-widget elementor-widget-image\" data-id=\"462612ce\" data-element_type=\"widget\" data-widget_type=\"image.default\">\n\t\t\t\t\t\t\t\t\t\t\t\t\t\t\t<img loading=\"lazy\" decoding=\"async\" width=\"768\" height=\"1024\" src=\"https:\/\/skubekneskubeti.lt\/wp-content\/uploads\/2025\/12\/21.jpg\" class=\"attachment-large size-large wp-image-1194\" alt=\"\" srcset=\"https:\/\/skubekneskubeti.lt\/wp-content\/uploads\/2025\/12\/21.jpg 768w, https:\/\/skubekneskubeti.lt\/wp-content\/uploads\/2025\/12\/21-600x800.jpg 600w, https:\/\/skubekneskubeti.lt\/wp-content\/uploads\/2025\/12\/21-225x300.jpg 225w\" sizes=\"(max-width: 768px) 100vw, 768px\" \/>\t\t\t\t\t\t\t\t\t\t\t\t\t\t\t<\/div>\n\t\t\t\t<\/div>\n\t\t<div class=\"elementor-element elementor-element-ace27d0 e-con-full e-flex e-con e-child\" data-id=\"ace27d0\" data-element_type=\"container\">\n\t\t\t\t<div class=\"elementor-element elementor-element-f12a0f5 elementor-widget elementor-widget-image\" data-id=\"f12a0f5\" data-element_type=\"widget\" data-widget_type=\"image.default\">\n\t\t\t\t\t\t\t\t\t\t\t\t\t\t\t<img loading=\"lazy\" decoding=\"async\" width=\"1024\" height=\"768\" src=\"https:\/\/skubekneskubeti.lt\/wp-content\/uploads\/2025\/12\/20.jpg\" class=\"attachment-large size-large wp-image-1193\" alt=\"\" srcset=\"https:\/\/skubekneskubeti.lt\/wp-content\/uploads\/2025\/12\/20.jpg 1024w, https:\/\/skubekneskubeti.lt\/wp-content\/uploads\/2025\/12\/20-600x450.jpg 600w, https:\/\/skubekneskubeti.lt\/wp-content\/uploads\/2025\/12\/20-300x225.jpg 300w, https:\/\/skubekneskubeti.lt\/wp-content\/uploads\/2025\/12\/20-768x576.jpg 768w\" sizes=\"(max-width: 1024px) 100vw, 1024px\" \/>\t\t\t\t\t\t\t\t\t\t\t\t\t\t\t<\/div>\n\t\t\t\t<\/div>\n\t\t<div class=\"elementor-element elementor-element-14a212cd e-con-full e-flex e-con e-child\" data-id=\"14a212cd\" data-element_type=\"container\">\n\t\t\t\t<div class=\"elementor-element elementor-element-1f2bbee2 elementor-widget elementor-widget-image\" data-id=\"1f2bbee2\" data-element_type=\"widget\" data-widget_type=\"image.default\">\n\t\t\t\t\t\t\t\t\t\t\t\t\t\t\t<img loading=\"lazy\" decoding=\"async\" width=\"768\" height=\"1024\" src=\"https:\/\/skubekneskubeti.lt\/wp-content\/uploads\/2025\/12\/19.jpg\" class=\"attachment-large size-large wp-image-1192\" alt=\"\" srcset=\"https:\/\/skubekneskubeti.lt\/wp-content\/uploads\/2025\/12\/19.jpg 768w, https:\/\/skubekneskubeti.lt\/wp-content\/uploads\/2025\/12\/19-600x800.jpg 600w, https:\/\/skubekneskubeti.lt\/wp-content\/uploads\/2025\/12\/19-225x300.jpg 225w\" sizes=\"(max-width: 768px) 100vw, 768px\" \/>\t\t\t\t\t\t\t\t\t\t\t\t\t\t\t<\/div>\n\t\t\t\t<\/div>\n\t\t\t\t<\/div>\n\t\t\t\t\t<\/div>\n\t\t\t\t<\/div>\n\t\t\t\t<\/div>\n\t\t\t\t<\/div>\r\n\t\t\t\t<\/div>\r\n\t\t\t\t\t\t<\/div>\n\t\t\t\t<\/div>\n\t\t\t\t<\/div>\n\t\t\t\t<\/div>","protected":false},"excerpt":{"rendered":"","protected":false},"author":3,"featured_media":0,"parent":0,"menu_order":0,"comment_status":"closed","ping_status":"closed","template":"","meta":{"site-sidebar-layout":"no-sidebar","site-content-layout":"page-builder","ast-site-content-layout":"full-width-container","site-content-style":"unboxed","site-sidebar-style":"unboxed","ast-global-header-display":"","ast-banner-title-visibility":"disabled","ast-main-header-display":"","ast-hfb-above-header-display":"","ast-hfb-below-header-display":"","ast-hfb-mobile-header-display":"","site-post-title":"disabled","ast-breadcrumbs-content":"","ast-featured-img":"disabled","footer-sml-layout":"","theme-transparent-header-meta":"enabled","adv-header-id-meta":"","stick-header-meta":"","header-above-stick-meta":"","header-main-stick-meta":"","header-below-stick-meta":"","astra-migrate-meta-layouts":"set","ast-page-background-enabled":"default","ast-page-background-meta":{"desktop":{"background-color":"var(--ast-global-color-4)","background-image":"","background-repeat":"repeat","background-position":"center center","background-size":"auto","background-attachment":"scroll","background-type":"","background-media":"","overlay-type":"","overlay-color":"","overlay-opacity":"","overlay-gradient":""},"tablet":{"background-color":"","background-image":"","background-repeat":"repeat","background-position":"center center","background-size":"auto","background-attachment":"scroll","background-type":"","background-media":"","overlay-type":"","overlay-color":"","overlay-opacity":"","overlay-gradient":""},"mobile":{"background-color":"","background-image":"","background-repeat":"repeat","background-position":"center center","background-size":"auto","background-attachment":"scroll","background-type":"","background-media":"","overlay-type":"","overlay-color":"","overlay-opacity":"","overlay-gradient":""}},"ast-content-background-meta":{"desktop":{"background-color":"var(--ast-global-color-5)","background-image":"","background-repeat":"repeat","background-position":"center center","background-size":"auto","background-attachment":"scroll","background-type":"","background-media":"","overlay-type":"","overlay-color":"","overlay-opacity":"","overlay-gradient":""},"tablet":{"background-color":"var(--ast-global-color-5)","background-image":"","background-repeat":"repeat","background-position":"center center","background-size":"auto","background-attachment":"scroll","background-type":"","background-media":"","overlay-type":"","overlay-color":"","overlay-opacity":"","overlay-gradient":""},"mobile":{"background-color":"var(--ast-global-color-5)","background-image":"","background-repeat":"repeat","background-position":"center center","background-size":"auto","background-attachment":"scroll","background-type":"","background-media":"","overlay-type":"","overlay-color":"","overlay-opacity":"","overlay-gradient":""}},"footnotes":""},"class_list":["post-1374","page","type-page","status-publish","hentry"],"yoast_head":"<!-- This site is optimized with the Yoast SEO Premium plugin v25.7.1 (Yoast SEO v26.4) - https:\/\/yoast.com\/wordpress\/plugins\/seo\/ -->\n<title>Galerija - Skubek neskub\u0117ti<\/title>\n<meta name=\"robots\" content=\"index, follow, max-snippet:-1, max-image-preview:large, max-video-preview:-1\" \/>\n<link rel=\"canonical\" href=\"https:\/\/skubekneskubeti.lt\/pl\/galerija\/\" \/>\n<meta property=\"og:locale\" content=\"pl_PL\" \/>\n<meta property=\"og:type\" content=\"article\" \/>\n<meta property=\"og:title\" content=\"Galerija\" \/>\n<meta property=\"og:url\" content=\"https:\/\/skubekneskubeti.lt\/pl\/galerija\/\" \/>\n<meta property=\"og:site_name\" content=\"Skubek neskub\u0117ti\" \/>\n<meta property=\"article:modified_time\" content=\"2026-01-22T14:24:43+00:00\" \/>\n<meta name=\"twitter:card\" content=\"summary_large_image\" \/>\n<meta name=\"twitter:label1\" content=\"Szacowany czas czytania\" \/>\n\t<meta name=\"twitter:data1\" content=\"4 minuty\" \/>\n<script type=\"application\/ld+json\" class=\"yoast-schema-graph\">{\"@context\":\"https:\/\/schema.org\",\"@graph\":[{\"@type\":\"WebPage\",\"@id\":\"https:\/\/skubekneskubeti.lt\/galerija\/\",\"url\":\"https:\/\/skubekneskubeti.lt\/galerija\/\",\"name\":\"Galerija - Skubek neskub\u0117ti\",\"isPartOf\":{\"@id\":\"https:\/\/skubekneskubeti.lt\/#website\"},\"datePublished\":\"2025-12-01T06:46:15+00:00\",\"dateModified\":\"2026-01-22T14:24:43+00:00\",\"breadcrumb\":{\"@id\":\"https:\/\/skubekneskubeti.lt\/galerija\/#breadcrumb\"},\"inLanguage\":\"pl-PL\",\"potentialAction\":[{\"@type\":\"ReadAction\",\"target\":[\"https:\/\/skubekneskubeti.lt\/galerija\/\"]}]},{\"@type\":\"BreadcrumbList\",\"@id\":\"https:\/\/skubekneskubeti.lt\/galerija\/#breadcrumb\",\"itemListElement\":[{\"@type\":\"ListItem\",\"position\":1,\"name\":\"Home\",\"item\":\"https:\/\/skubekneskubeti.lt\/\"},{\"@type\":\"ListItem\",\"position\":2,\"name\":\"Galerija\"}]},{\"@type\":\"WebSite\",\"@id\":\"https:\/\/skubekneskubeti.lt\/#website\",\"url\":\"https:\/\/skubekneskubeti.lt\/\",\"name\":\"Skubek neskub\u0117ti\",\"description\":\"\",\"publisher\":{\"@id\":\"https:\/\/skubekneskubeti.lt\/#organization\"},\"potentialAction\":[{\"@type\":\"SearchAction\",\"target\":{\"@type\":\"EntryPoint\",\"urlTemplate\":\"https:\/\/skubekneskubeti.lt\/?s={search_term_string}\"},\"query-input\":{\"@type\":\"PropertyValueSpecification\",\"valueRequired\":true,\"valueName\":\"search_term_string\"}}],\"inLanguage\":\"pl-PL\"},{\"@type\":\"Organization\",\"@id\":\"https:\/\/skubekneskubeti.lt\/#organization\",\"name\":\"Skubek neskub\u0117ti\",\"url\":\"https:\/\/skubekneskubeti.lt\/\",\"logo\":{\"@type\":\"ImageObject\",\"inLanguage\":\"pl-PL\",\"@id\":\"https:\/\/skubekneskubeti.lt\/#\/schema\/logo\/image\/\",\"url\":\"https:\/\/skubekneskubeti.lt\/wp-content\/uploads\/2025\/12\/logo.jpg\",\"contentUrl\":\"https:\/\/skubekneskubeti.lt\/wp-content\/uploads\/2025\/12\/logo.jpg\",\"width\":2000,\"height\":2001,\"caption\":\"Skubek neskub\u0117ti\"},\"image\":{\"@id\":\"https:\/\/skubekneskubeti.lt\/#\/schema\/logo\/image\/\"}}]}<\/script>\n<!-- \/ Yoast SEO Premium plugin. -->","yoast_head_json":{"title":"Galerija - Skubek neskub\u0117ti","robots":{"index":"index","follow":"follow","max-snippet":"max-snippet:-1","max-image-preview":"max-image-preview:large","max-video-preview":"max-video-preview:-1"},"canonical":"https:\/\/skubekneskubeti.lt\/pl\/galerija\/","og_locale":"pl_PL","og_type":"article","og_title":"Galerija","og_url":"https:\/\/skubekneskubeti.lt\/pl\/galerija\/","og_site_name":"Skubek neskub\u0117ti","article_modified_time":"2026-01-22T14:24:43+00:00","twitter_card":"summary_large_image","twitter_misc":{"Szacowany czas czytania":"4 minuty"},"schema":{"@context":"https:\/\/schema.org","@graph":[{"@type":"WebPage","@id":"https:\/\/skubekneskubeti.lt\/galerija\/","url":"https:\/\/skubekneskubeti.lt\/galerija\/","name":"Galerija - Skubek neskub\u0117ti","isPartOf":{"@id":"https:\/\/skubekneskubeti.lt\/#website"},"datePublished":"2025-12-01T06:46:15+00:00","dateModified":"2026-01-22T14:24:43+00:00","breadcrumb":{"@id":"https:\/\/skubekneskubeti.lt\/galerija\/#breadcrumb"},"inLanguage":"pl-PL","potentialAction":[{"@type":"ReadAction","target":["https:\/\/skubekneskubeti.lt\/galerija\/"]}]},{"@type":"BreadcrumbList","@id":"https:\/\/skubekneskubeti.lt\/galerija\/#breadcrumb","itemListElement":[{"@type":"ListItem","position":1,"name":"Home","item":"https:\/\/skubekneskubeti.lt\/"},{"@type":"ListItem","position":2,"name":"Galerija"}]},{"@type":"WebSite","@id":"https:\/\/skubekneskubeti.lt\/#website","url":"https:\/\/skubekneskubeti.lt\/","name":"Skubek neskub\u0117ti","description":"","publisher":{"@id":"https:\/\/skubekneskubeti.lt\/#organization"},"potentialAction":[{"@type":"SearchAction","target":{"@type":"EntryPoint","urlTemplate":"https:\/\/skubekneskubeti.lt\/?s={search_term_string}"},"query-input":{"@type":"PropertyValueSpecification","valueRequired":true,"valueName":"search_term_string"}}],"inLanguage":"pl-PL"},{"@type":"Organization","@id":"https:\/\/skubekneskubeti.lt\/#organization","name":"Skubek neskub\u0117ti","url":"https:\/\/skubekneskubeti.lt\/","logo":{"@type":"ImageObject","inLanguage":"pl-PL","@id":"https:\/\/skubekneskubeti.lt\/#\/schema\/logo\/image\/","url":"https:\/\/skubekneskubeti.lt\/wp-content\/uploads\/2025\/12\/logo.jpg","contentUrl":"https:\/\/skubekneskubeti.lt\/wp-content\/uploads\/2025\/12\/logo.jpg","width":2000,"height":2001,"caption":"Skubek neskub\u0117ti"},"image":{"@id":"https:\/\/skubekneskubeti.lt\/#\/schema\/logo\/image\/"}}]}},"_links":{"self":[{"href":"https:\/\/skubekneskubeti.lt\/pl\/wp-json\/wp\/v2\/pages\/1374","targetHints":{"allow":["GET"]}}],"collection":[{"href":"https:\/\/skubekneskubeti.lt\/pl\/wp-json\/wp\/v2\/pages"}],"about":[{"href":"https:\/\/skubekneskubeti.lt\/pl\/wp-json\/wp\/v2\/types\/page"}],"author":[{"embeddable":true,"href":"https:\/\/skubekneskubeti.lt\/pl\/wp-json\/wp\/v2\/users\/3"}],"replies":[{"embeddable":true,"href":"https:\/\/skubekneskubeti.lt\/pl\/wp-json\/wp\/v2\/comments?post=1374"}],"version-history":[{"count":13,"href":"https:\/\/skubekneskubeti.lt\/pl\/wp-json\/wp\/v2\/pages\/1374\/revisions"}],"predecessor-version":[{"id":1819,"href":"https:\/\/skubekneskubeti.lt\/pl\/wp-json\/wp\/v2\/pages\/1374\/revisions\/1819"}],"wp:attachment":[{"href":"https:\/\/skubekneskubeti.lt\/pl\/wp-json\/wp\/v2\/media?parent=1374"}],"curies":[{"name":"wp","href":"https:\/\/api.w.org\/{rel}","templated":true}]}}