{"id":301,"date":"2025-12-01T02:15:33","date_gmt":"2025-12-01T02:15:33","guid":{"rendered":"https:\/\/skubekneskubeti.lt\/contact\/"},"modified":"2026-03-16T15:19:22","modified_gmt":"2026-03-16T13:19:22","slug":"kontaktai","status":"publish","type":"page","link":"https:\/\/skubekneskubeti.lt\/pl\/kontaktai\/","title":{"rendered":"Kontaktai"},"content":{"rendered":"<div data-elementor-type=\"wp-page\" data-elementor-id=\"301\" class=\"elementor elementor-301\" data-elementor-post-type=\"page\">\n\t\t\t\t<div class=\"elementor-element elementor-element-0d5fee5 e-flex e-con-boxed e-con e-parent\" data-id=\"0d5fee5\" data-element_type=\"container\" data-settings=\"{&quot;background_background&quot;:&quot;classic&quot;}\">\n\t\t\t\t\t<div class=\"e-con-inner\">\n\t\t\t\t<div class=\"elementor-element elementor-element-e416908 elementor-widget elementor-widget-heading\" data-id=\"e416908\" data-element_type=\"widget\" data-widget_type=\"heading.default\">\n\t\t\t\t\t<h1 class=\"elementor-heading-title elementor-size-default\">Kontaktai<\/h1>\t\t\t\t<\/div>\n\t\t\t\t\t<\/div>\n\t\t\t\t<\/div>\n\t\t<div class=\"elementor-element elementor-element-e89fb3a e-flex e-con-boxed e-con e-parent\" data-id=\"e89fb3a\" data-element_type=\"container\" data-settings=\"{&quot;background_background&quot;:&quot;classic&quot;}\">\n\t\t\t\t\t<div class=\"e-con-inner\">\n\t\t\t\t<div class=\"elementor-element elementor-element-f09a2f3 elementor-widget elementor-widget-image\" data-id=\"f09a2f3\" data-element_type=\"widget\" data-widget_type=\"image.default\">\n\t\t\t\t\t\t\t\t\t\t\t\t\t\t\t<img fetchpriority=\"high\" decoding=\"async\" width=\"1024\" height=\"717\" src=\"https:\/\/skubekneskubeti.lt\/wp-content\/uploads\/2025\/12\/1-1-1024x717.jpg\" class=\"attachment-large size-large wp-image-1174\" alt=\"\" srcset=\"https:\/\/skubekneskubeti.lt\/wp-content\/uploads\/2025\/12\/1-1-1024x717.jpg 1024w, https:\/\/skubekneskubeti.lt\/wp-content\/uploads\/2025\/12\/1-1-600x420.jpg 600w, https:\/\/skubekneskubeti.lt\/wp-content\/uploads\/2025\/12\/1-1-300x210.jpg 300w, https:\/\/skubekneskubeti.lt\/wp-content\/uploads\/2025\/12\/1-1-768x538.jpg 768w, https:\/\/skubekneskubeti.lt\/wp-content\/uploads\/2025\/12\/1-1-1536x1076.jpg 1536w, https:\/\/skubekneskubeti.lt\/wp-content\/uploads\/2025\/12\/1-1.jpg 2048w\" sizes=\"(max-width: 1024px) 100vw, 1024px\" \/>\t\t\t\t\t\t\t\t\t\t\t\t\t\t\t<\/div>\n\t\t<div class=\"elementor-element elementor-element-8c6f73c e-con-full e-flex e-con e-child\" data-id=\"8c6f73c\" data-element_type=\"container\">\n\t\t\t\t<div class=\"elementor-element elementor-element-6551355 elementor-widget-mobile__width-inherit elementor-widget elementor-widget-heading\" data-id=\"6551355\" data-element_type=\"widget\" data-widget_type=\"heading.default\">\n\t\t\t\t\t<h2 class=\"elementor-heading-title elementor-size-default\">Ingrida ir Aurimas<\/h2>\t\t\t\t<\/div>\n\t\t\t\t<div class=\"elementor-element elementor-element-b9e0139 elementor-widget elementor-widget-heading\" data-id=\"b9e0139\" data-element_type=\"widget\" data-widget_type=\"heading.default\">\n\t\t\t\t\t<h2 class=\"elementor-heading-title elementor-size-default\">Mums gamta, tai ne fonas, o gyvenimo dalis. Tod\u0117l norime pasidalinti ja su tais, kurie moka sustoti, \u012fsiklausyti ir pails\u0117ti. Kvie\u010diame atvykti ir patirti tai, kas mums patiems atrodo svarbiausia: l\u0117t\u0105 gyvenim\u0105, tikr\u0105 tyl\u0105 ir ram\u0173 buvim\u0105. \ud83d\udc9b \ud83d\udc9a \u2764\ufe0f <\/h2>\t\t\t\t<\/div>\n\t\t\t\t<div class=\"elementor-element elementor-element-0c0af69 elementor-widget-divider--view-line elementor-widget elementor-widget-divider\" data-id=\"0c0af69\" data-element_type=\"widget\" data-widget_type=\"divider.default\">\n\t\t\t\t\t\t\t<div class=\"elementor-divider\">\n\t\t\t<span class=\"elementor-divider-separator\">\n\t\t\t\t\t\t<\/span>\n\t\t<\/div>\n\t\t\t\t\t\t<\/div>\n\t\t\t\t<div class=\"elementor-element elementor-element-3211830 elementor-widget elementor-widget-image-box\" data-id=\"3211830\" data-element_type=\"widget\" data-widget_type=\"image-box.default\">\n\t\t\t\t\t<div class=\"elementor-image-box-wrapper\"><div class=\"elementor-image-box-content\"><h6 class=\"elementor-image-box-title\">Telefonai<\/h6><p class=\"elementor-image-box-description\">+370 686 33898 <\/br>\n+370 677 20500<\/p><\/div><\/div>\t\t\t\t<\/div>\n\t\t\t\t<div class=\"elementor-element elementor-element-7a4d434 elementor-widget elementor-widget-image-box\" data-id=\"7a4d434\" data-element_type=\"widget\" data-widget_type=\"image-box.default\">\n\t\t\t\t\t<div class=\"elementor-image-box-wrapper\"><div class=\"elementor-image-box-content\"><h6 class=\"elementor-image-box-title\">El. pa\u0161tas<\/h6><p class=\"elementor-image-box-description\">skubekneskubeti@gmail.com<\/p><\/div><\/div>\t\t\t\t<\/div>\n\t\t\t\t<div class=\"elementor-element elementor-element-02b13cd elementor-widget elementor-widget-image-box\" data-id=\"02b13cd\" data-element_type=\"widget\" data-widget_type=\"image-box.default\">\n\t\t\t\t\t<div class=\"elementor-image-box-wrapper\"><div class=\"elementor-image-box-content\"><h6 class=\"elementor-image-box-title\">Adresas \/ Namelio vieta<\/h6><p class=\"elementor-image-box-description\">Politi\u0161ki\u0173 km., Tauragn\u0173 sen., Utenos raj., Lietuva<\/p><\/div><\/div>\t\t\t\t<\/div>\n\t\t\t\t<\/div>\n\t\t<div class=\"elementor-element elementor-element-f97e9f3 e-con-full e-flex e-con e-child\" data-id=\"f97e9f3\" data-element_type=\"container\" data-settings=\"{&quot;background_background&quot;:&quot;classic&quot;}\">\n\t\t\t\t<div class=\"elementor-element elementor-element-2d26822 elementor-widget elementor-widget-heading\" data-id=\"2d26822\" data-element_type=\"widget\" data-widget_type=\"heading.default\">\n\t\t\t\t\t<h6 class=\"elementor-heading-title elementor-size-default\">Para\u0161ykite mums<\/h6>\t\t\t\t<\/div>\n\t\t\t\t<div class=\"elementor-element elementor-element-ed0b825 elementor-button-align-stretch elementor-widget elementor-widget-form\" data-id=\"ed0b825\" data-element_type=\"widget\" data-settings=\"{&quot;step_next_label&quot;:&quot;Next&quot;,&quot;step_previous_label&quot;:&quot;Previous&quot;,&quot;button_width&quot;:&quot;100&quot;,&quot;step_type&quot;:&quot;number_text&quot;,&quot;step_icon_shape&quot;:&quot;circle&quot;}\" data-widget_type=\"form.default\">\n\t\t\t\t\t\t\t<form class=\"elementor-form\" method=\"post\" name=\"New Form\" aria-label=\"New Form\" action=\"\">\r\n\t\t\t<input type=\"hidden\" name=\"post_id\" value=\"301\"\/>\r\n\t\t\t<input type=\"hidden\" name=\"form_id\" value=\"ed0b825\"\/>\r\n\t\t\t<input type=\"hidden\" name=\"referer_title\" value=\"Kontaktai - Skubek neskub\u0117ti\" \/>\r\n\r\n\t\t\t\t\t\t\t<input type=\"hidden\" name=\"queried_id\" value=\"301\"\/>\r\n\t\t\t\r\n\t\t\t<div class=\"elementor-form-fields-wrapper elementor-labels-\">\r\n\t\t\t\t\t\t\t\t<div class=\"elementor-field-type-email elementor-field-group elementor-column elementor-field-group-email elementor-col-100 elementor-field-required\">\r\n\t\t\t\t\t\t\t\t\t\t\t\t<label for=\"form-field-email\" class=\"elementor-field-label elementor-screen-only\">\r\n\t\t\t\t\t\t\t\tEl. pa\u0161tas\t\t\t\t\t\t\t<\/label>\r\n\t\t\t\t\t\t\t\t\t\t\t\t\t\t<input size=\"1\" type=\"email\" name=\"form_fields[email]\" id=\"form-field-email\" class=\"elementor-field elementor-size-md  elementor-field-textual\" placeholder=\"J\u016bs\u0173 el. pa\u0161to adresas\" required=\"required\">\r\n\t\t\t\t\t\t\t\t\t\t\t<\/div>\r\n\t\t\t\t\t\t\t\t<div class=\"elementor-field-type-text elementor-field-group elementor-column elementor-field-group-field_246da26 elementor-col-100 elementor-field-required\">\r\n\t\t\t\t\t\t\t\t\t\t\t\t<label for=\"form-field-field_246da26\" class=\"elementor-field-label elementor-screen-only\">\r\n\t\t\t\t\t\t\t\tTelefonas\t\t\t\t\t\t\t<\/label>\r\n\t\t\t\t\t\t\t\t\t\t\t\t\t\t<input size=\"1\" type=\"text\" name=\"form_fields[field_246da26]\" id=\"form-field-field_246da26\" class=\"elementor-field elementor-size-md  elementor-field-textual\" placeholder=\"Telefonas\" required=\"required\">\r\n\t\t\t\t\t\t\t\t\t\t\t<\/div>\r\n\t\t\t\t\t\t\t\t<div class=\"elementor-field-type-textarea elementor-field-group elementor-column elementor-field-group-message elementor-col-100\">\r\n\t\t\t\t\t\t\t\t\t\t\t\t<label for=\"form-field-message\" class=\"elementor-field-label elementor-screen-only\">\r\n\t\t\t\t\t\t\t\tKaip mes galime Jums pad\u0117ti?\t\t\t\t\t\t\t<\/label>\r\n\t\t\t\t\t\t<textarea class=\"elementor-field-textual elementor-field  elementor-size-md\" name=\"form_fields[message]\" id=\"form-field-message\" rows=\"4\" placeholder=\"J\u016bs\u0173 \u017einut\u0117\"><\/textarea>\t\t\t\t<\/div>\r\n\t\t\t\t\t\t\t\t<div class=\"elementor-field-type-recaptcha_v3 elementor-field-group elementor-column elementor-field-group-field_7f0befe elementor-col-100 recaptcha_v3-inline\">\r\n\t\t\t\t\t<div class=\"elementor-field\" id=\"form-field-field_7f0befe\"><div class=\"elementor-g-recaptcha\" data-sitekey=\"6LeQT4wsAAAAAPyNzkeZ-LjyBX-tJDBRcSk_0E0N\" data-type=\"v3\" data-action=\"Form\" data-badge=\"inline\" data-size=\"invisible\"><\/div><\/div>\t\t\t\t<\/div>\r\n\t\t\t\t\t\t\t\t<div class=\"elementor-field-group elementor-column elementor-field-type-submit elementor-col-100 e-form__buttons\">\r\n\t\t\t\t\t<button class=\"elementor-button elementor-size-sm\" type=\"submit\">\r\n\t\t\t\t\t\t<span class=\"elementor-button-content-wrapper\">\r\n\t\t\t\t\t\t\t\t\t\t\t\t\t\t\t\t\t\t\t\t\t\t<span class=\"elementor-button-text\">SI\u0172STI<\/span>\r\n\t\t\t\t\t\t\t\t\t\t\t\t\t<\/span>\r\n\t\t\t\t\t<\/button>\r\n\t\t\t\t<\/div>\r\n\t\t\t<\/div>\r\n\t\t<input type=\"hidden\" name=\"trp-form-language\" value=\"pl\"\/><\/form>\r\n\t\t\t\t\t\t<\/div>\n\t\t\t\t<\/div>\n\t\t\t\t\t<\/div>\n\t\t\t\t<\/div>\n\t\t<div class=\"elementor-element elementor-element-92a442d e-flex e-con-boxed e-con e-parent\" data-id=\"92a442d\" data-element_type=\"container\" data-settings=\"{&quot;background_background&quot;:&quot;classic&quot;}\">\n\t\t\t\t\t<div class=\"e-con-inner\">\n\t\t\t\t<div class=\"elementor-element elementor-element-c532971 elementor-widget-mobile__width-inherit elementor-widget elementor-widget-heading\" data-id=\"c532971\" data-element_type=\"widget\" data-widget_type=\"heading.default\">\n\t\t\t\t\t<h2 class=\"elementor-heading-title elementor-size-default\">Kaip mus rasti? <\/h2>\t\t\t\t<\/div>\n\t\t\t\t<div class=\"elementor-element elementor-element-70ed32f elementor-widget elementor-widget-button\" data-id=\"70ed32f\" data-element_type=\"widget\" data-widget_type=\"button.default\">\n\t\t\t\t\t\t\t\t\t\t<a class=\"elementor-button elementor-button-link elementor-size-sm\" href=\"https:\/\/maps.app.goo.gl\/nzga4wdL2BxrFMiS7\" target=\"_blank\">\n\t\t\t\t\t\t<span class=\"elementor-button-content-wrapper\">\n\t\t\t\t\t\t\t\t\t<span class=\"elementor-button-text\">Google Maps nuoroda<\/span>\n\t\t\t\t\t<\/span>\n\t\t\t\t\t<\/a>\n\t\t\t\t\t\t\t\t<\/div>\n\t\t\t\t\t<\/div>\n\t\t\t\t<\/div>\n\t\t<div class=\"elementor-element elementor-element-c58397d e-flex e-con-boxed e-con e-parent\" data-id=\"c58397d\" data-element_type=\"container\" data-settings=\"{&quot;background_background&quot;:&quot;classic&quot;}\">\n\t\t\t\t\t<div class=\"e-con-inner\">\n\t\t\t\t<div class=\"elementor-element elementor-element-c48b190 elementor-widget elementor-widget-google_maps\" data-id=\"c48b190\" data-element_type=\"widget\" data-widget_type=\"google_maps.default\">\n\t\t\t\t\t\t\t<div class=\"elementor-custom-embed\">\n\t\t\t<iframe loading=\"lazy\"\n\t\t\t\t\tsrc=\"https:\/\/maps.google.com\/maps?q=55%C2%B027%2746.0%22N%2025%C2%B047%2726.4%22E&#038;t=m&#038;z=12&#038;output=embed&#038;iwloc=near\"\n\t\t\t\t\ttitle=\"55\u00b027&#039;46.0&quot;N 25\u00b047&#039;26.4&quot;E\"\n\t\t\t\t\taria-label=\"55\u00b027&#039;46.0&quot;N 25\u00b047&#039;26.4&quot;E\"\n\t\t\t><\/iframe>\n\t\t<\/div>\n\t\t\t\t\t\t<\/div>\n\t\t\t\t\t<\/div>\n\t\t\t\t<\/div>\n\t\t\t\t<\/div>","protected":false},"excerpt":{"rendered":"<p>Kontaktai Ingrida ir Aurimas Mums gamta, tai ne fonas, o gyvenimo dalis. Tod\u0117l norime pasidalinti ja su tais, kurie moka sustoti, \u012fsiklausyti ir pails\u0117ti. Kvie\u010diame atvykti ir patirti tai, kas mums patiems atrodo svarbiausia: l\u0117t\u0105 gyvenim\u0105, tikr\u0105 tyl\u0105 ir ram\u0173 buvim\u0105. \ud83d\udc9b \ud83d\udc9a \u2764\ufe0f Telefonai +370 686 33898 +370 677 20500 El. pa\u0161tas skubekneskubeti@gmail.com Adresas [&hellip;]<\/p>","protected":false},"author":3,"featured_media":0,"parent":0,"menu_order":0,"comment_status":"closed","ping_status":"closed","template":"","meta":{"site-sidebar-layout":"no-sidebar","site-content-layout":"page-builder","ast-site-content-layout":"full-width-container","site-content-style":"unboxed","site-sidebar-style":"unboxed","ast-global-header-display":"","ast-banner-title-visibility":"disabled","ast-main-header-display":"","ast-hfb-above-header-display":"","ast-hfb-below-header-display":"","ast-hfb-mobile-header-display":"","site-post-title":"disabled","ast-breadcrumbs-content":"","ast-featured-img":"disabled","footer-sml-layout":"","theme-transparent-header-meta":"enabled","adv-header-id-meta":"","stick-header-meta":"","header-above-stick-meta":"","header-main-stick-meta":"","header-below-stick-meta":"","astra-migrate-meta-layouts":"set","ast-page-background-enabled":"default","ast-page-background-meta":{"desktop":{"background-color":"var(--ast-global-color-4)","background-image":"","background-repeat":"repeat","background-position":"center center","background-size":"auto","background-attachment":"scroll","background-type":"","background-media":"","overlay-type":"","overlay-color":"","overlay-opacity":"","overlay-gradient":""},"tablet":{"background-color":"","background-image":"","background-repeat":"repeat","background-position":"center center","background-size":"auto","background-attachment":"scroll","background-type":"","background-media":"","overlay-type":"","overlay-color":"","overlay-opacity":"","overlay-gradient":""},"mobile":{"background-color":"","background-image":"","background-repeat":"repeat","background-position":"center center","background-size":"auto","background-attachment":"scroll","background-type":"","background-media":"","overlay-type":"","overlay-color":"","overlay-opacity":"","overlay-gradient":""}},"ast-content-background-meta":{"desktop":{"background-color":"var(--ast-global-color-5)","background-image":"","background-repeat":"repeat","background-position":"center center","background-size":"auto","background-attachment":"scroll","background-type":"","background-media":"","overlay-type":"","overlay-color":"","overlay-opacity":"","overlay-gradient":""},"tablet":{"background-color":"var(--ast-global-color-5)","background-image":"","background-repeat":"repeat","background-position":"center center","background-size":"auto","background-attachment":"scroll","background-type":"","background-media":"","overlay-type":"","overlay-color":"","overlay-opacity":"","overlay-gradient":""},"mobile":{"background-color":"var(--ast-global-color-5)","background-image":"","background-repeat":"repeat","background-position":"center center","background-size":"auto","background-attachment":"scroll","background-type":"","background-media":"","overlay-type":"","overlay-color":"","overlay-opacity":"","overlay-gradient":""}},"footnotes":""},"class_list":["post-301","page","type-page","status-publish","hentry"],"yoast_head":"<!-- This site is optimized with the Yoast SEO Premium plugin v25.7.1 (Yoast SEO v26.4) - https:\/\/yoast.com\/wordpress\/plugins\/seo\/ -->\n<title>Kontaktai - Skubek neskub\u0117ti<\/title>\n<meta name=\"robots\" content=\"index, follow, max-snippet:-1, max-image-preview:large, max-video-preview:-1\" \/>\n<link rel=\"canonical\" href=\"https:\/\/skubekneskubeti.lt\/pl\/kontaktai\/\" \/>\n<meta property=\"og:locale\" content=\"pl_PL\" \/>\n<meta property=\"og:type\" content=\"article\" \/>\n<meta property=\"og:title\" content=\"Kontaktai\" \/>\n<meta property=\"og:description\" content=\"Kontaktai Ingrida ir Aurimas Mums gamta, tai ne fonas, o gyvenimo dalis. Tod\u0117l norime pasidalinti ja su tais, kurie moka sustoti, \u012fsiklausyti ir pails\u0117ti. Kvie\u010diame atvykti ir patirti tai, kas mums patiems atrodo svarbiausia: l\u0117t\u0105 gyvenim\u0105, tikr\u0105 tyl\u0105 ir ram\u0173 buvim\u0105. \ud83d\udc9b \ud83d\udc9a \u2764\ufe0f Telefonai +370 686 33898 +370 677 20500 El. pa\u0161tas skubekneskubeti@gmail.com Adresas [&hellip;]\" \/>\n<meta property=\"og:url\" content=\"https:\/\/skubekneskubeti.lt\/pl\/kontaktai\/\" \/>\n<meta property=\"og:site_name\" content=\"Skubek neskub\u0117ti\" \/>\n<meta property=\"article:modified_time\" content=\"2026-03-16T13:19:22+00:00\" \/>\n<meta property=\"og:image\" content=\"https:\/\/skubekneskubeti.lt\/wp-content\/uploads\/2025\/12\/1-1.jpg\" \/>\n\t<meta property=\"og:image:width\" content=\"2048\" \/>\n\t<meta property=\"og:image:height\" content=\"1434\" \/>\n\t<meta property=\"og:image:type\" content=\"image\/jpeg\" \/>\n<meta name=\"twitter:card\" content=\"summary_large_image\" \/>\n<meta name=\"twitter:label1\" content=\"Szacowany czas czytania\" \/>\n\t<meta name=\"twitter:data1\" content=\"1 minuta\" \/>\n<script type=\"application\/ld+json\" class=\"yoast-schema-graph\">{\"@context\":\"https:\/\/schema.org\",\"@graph\":[{\"@type\":\"WebPage\",\"@id\":\"https:\/\/skubekneskubeti.lt\/kontaktai\/\",\"url\":\"https:\/\/skubekneskubeti.lt\/kontaktai\/\",\"name\":\"Kontaktai - Skubek neskub\u0117ti\",\"isPartOf\":{\"@id\":\"https:\/\/skubekneskubeti.lt\/#website\"},\"primaryImageOfPage\":{\"@id\":\"https:\/\/skubekneskubeti.lt\/kontaktai\/#primaryimage\"},\"image\":{\"@id\":\"https:\/\/skubekneskubeti.lt\/kontaktai\/#primaryimage\"},\"thumbnailUrl\":\"https:\/\/skubekneskubeti.lt\/wp-content\/uploads\/2025\/12\/1-1-1024x717.jpg\",\"datePublished\":\"2025-12-01T02:15:33+00:00\",\"dateModified\":\"2026-03-16T13:19:22+00:00\",\"breadcrumb\":{\"@id\":\"https:\/\/skubekneskubeti.lt\/kontaktai\/#breadcrumb\"},\"inLanguage\":\"pl-PL\",\"potentialAction\":[{\"@type\":\"ReadAction\",\"target\":[\"https:\/\/skubekneskubeti.lt\/kontaktai\/\"]}]},{\"@type\":\"ImageObject\",\"inLanguage\":\"pl-PL\",\"@id\":\"https:\/\/skubekneskubeti.lt\/kontaktai\/#primaryimage\",\"url\":\"https:\/\/skubekneskubeti.lt\/wp-content\/uploads\/2025\/12\/1-1-1024x717.jpg\",\"contentUrl\":\"https:\/\/skubekneskubeti.lt\/wp-content\/uploads\/2025\/12\/1-1-1024x717.jpg\"},{\"@type\":\"BreadcrumbList\",\"@id\":\"https:\/\/skubekneskubeti.lt\/kontaktai\/#breadcrumb\",\"itemListElement\":[{\"@type\":\"ListItem\",\"position\":1,\"name\":\"Home\",\"item\":\"https:\/\/skubekneskubeti.lt\/\"},{\"@type\":\"ListItem\",\"position\":2,\"name\":\"Kontaktai\"}]},{\"@type\":\"WebSite\",\"@id\":\"https:\/\/skubekneskubeti.lt\/#website\",\"url\":\"https:\/\/skubekneskubeti.lt\/\",\"name\":\"Skubek neskub\u0117ti\",\"description\":\"\",\"publisher\":{\"@id\":\"https:\/\/skubekneskubeti.lt\/#organization\"},\"potentialAction\":[{\"@type\":\"SearchAction\",\"target\":{\"@type\":\"EntryPoint\",\"urlTemplate\":\"https:\/\/skubekneskubeti.lt\/?s={search_term_string}\"},\"query-input\":{\"@type\":\"PropertyValueSpecification\",\"valueRequired\":true,\"valueName\":\"search_term_string\"}}],\"inLanguage\":\"pl-PL\"},{\"@type\":\"Organization\",\"@id\":\"https:\/\/skubekneskubeti.lt\/#organization\",\"name\":\"Skubek neskub\u0117ti\",\"url\":\"https:\/\/skubekneskubeti.lt\/\",\"logo\":{\"@type\":\"ImageObject\",\"inLanguage\":\"pl-PL\",\"@id\":\"https:\/\/skubekneskubeti.lt\/#\/schema\/logo\/image\/\",\"url\":\"https:\/\/skubekneskubeti.lt\/wp-content\/uploads\/2025\/12\/logo.jpg\",\"contentUrl\":\"https:\/\/skubekneskubeti.lt\/wp-content\/uploads\/2025\/12\/logo.jpg\",\"width\":2000,\"height\":2001,\"caption\":\"Skubek neskub\u0117ti\"},\"image\":{\"@id\":\"https:\/\/skubekneskubeti.lt\/#\/schema\/logo\/image\/\"}}]}<\/script>\n<!-- \/ Yoast SEO Premium plugin. -->","yoast_head_json":{"title":"Kontaktai - Skubek neskub\u0117ti","robots":{"index":"index","follow":"follow","max-snippet":"max-snippet:-1","max-image-preview":"max-image-preview:large","max-video-preview":"max-video-preview:-1"},"canonical":"https:\/\/skubekneskubeti.lt\/pl\/kontaktai\/","og_locale":"pl_PL","og_type":"article","og_title":"Kontaktai","og_description":"Kontaktai Ingrida ir Aurimas Mums gamta, tai ne fonas, o gyvenimo dalis. Tod\u0117l norime pasidalinti ja su tais, kurie moka sustoti, \u012fsiklausyti ir pails\u0117ti. Kvie\u010diame atvykti ir patirti tai, kas mums patiems atrodo svarbiausia: l\u0117t\u0105 gyvenim\u0105, tikr\u0105 tyl\u0105 ir ram\u0173 buvim\u0105. \ud83d\udc9b \ud83d\udc9a \u2764\ufe0f Telefonai +370 686 33898 +370 677 20500 El. pa\u0161tas skubekneskubeti@gmail.com Adresas [&hellip;]","og_url":"https:\/\/skubekneskubeti.lt\/pl\/kontaktai\/","og_site_name":"Skubek neskub\u0117ti","article_modified_time":"2026-03-16T13:19:22+00:00","og_image":[{"width":2048,"height":1434,"url":"https:\/\/skubekneskubeti.lt\/wp-content\/uploads\/2025\/12\/1-1.jpg","type":"image\/jpeg"}],"twitter_card":"summary_large_image","twitter_misc":{"Szacowany czas czytania":"1 minuta"},"schema":{"@context":"https:\/\/schema.org","@graph":[{"@type":"WebPage","@id":"https:\/\/skubekneskubeti.lt\/kontaktai\/","url":"https:\/\/skubekneskubeti.lt\/kontaktai\/","name":"Kontaktai - Skubek neskub\u0117ti","isPartOf":{"@id":"https:\/\/skubekneskubeti.lt\/#website"},"primaryImageOfPage":{"@id":"https:\/\/skubekneskubeti.lt\/kontaktai\/#primaryimage"},"image":{"@id":"https:\/\/skubekneskubeti.lt\/kontaktai\/#primaryimage"},"thumbnailUrl":"https:\/\/skubekneskubeti.lt\/wp-content\/uploads\/2025\/12\/1-1-1024x717.jpg","datePublished":"2025-12-01T02:15:33+00:00","dateModified":"2026-03-16T13:19:22+00:00","breadcrumb":{"@id":"https:\/\/skubekneskubeti.lt\/kontaktai\/#breadcrumb"},"inLanguage":"pl-PL","potentialAction":[{"@type":"ReadAction","target":["https:\/\/skubekneskubeti.lt\/kontaktai\/"]}]},{"@type":"ImageObject","inLanguage":"pl-PL","@id":"https:\/\/skubekneskubeti.lt\/kontaktai\/#primaryimage","url":"https:\/\/skubekneskubeti.lt\/wp-content\/uploads\/2025\/12\/1-1-1024x717.jpg","contentUrl":"https:\/\/skubekneskubeti.lt\/wp-content\/uploads\/2025\/12\/1-1-1024x717.jpg"},{"@type":"BreadcrumbList","@id":"https:\/\/skubekneskubeti.lt\/kontaktai\/#breadcrumb","itemListElement":[{"@type":"ListItem","position":1,"name":"Home","item":"https:\/\/skubekneskubeti.lt\/"},{"@type":"ListItem","position":2,"name":"Kontaktai"}]},{"@type":"WebSite","@id":"https:\/\/skubekneskubeti.lt\/#website","url":"https:\/\/skubekneskubeti.lt\/","name":"Skubek neskub\u0117ti","description":"","publisher":{"@id":"https:\/\/skubekneskubeti.lt\/#organization"},"potentialAction":[{"@type":"SearchAction","target":{"@type":"EntryPoint","urlTemplate":"https:\/\/skubekneskubeti.lt\/?s={search_term_string}"},"query-input":{"@type":"PropertyValueSpecification","valueRequired":true,"valueName":"search_term_string"}}],"inLanguage":"pl-PL"},{"@type":"Organization","@id":"https:\/\/skubekneskubeti.lt\/#organization","name":"Skubek neskub\u0117ti","url":"https:\/\/skubekneskubeti.lt\/","logo":{"@type":"ImageObject","inLanguage":"pl-PL","@id":"https:\/\/skubekneskubeti.lt\/#\/schema\/logo\/image\/","url":"https:\/\/skubekneskubeti.lt\/wp-content\/uploads\/2025\/12\/logo.jpg","contentUrl":"https:\/\/skubekneskubeti.lt\/wp-content\/uploads\/2025\/12\/logo.jpg","width":2000,"height":2001,"caption":"Skubek neskub\u0117ti"},"image":{"@id":"https:\/\/skubekneskubeti.lt\/#\/schema\/logo\/image\/"}}]}},"_links":{"self":[{"href":"https:\/\/skubekneskubeti.lt\/pl\/wp-json\/wp\/v2\/pages\/301","targetHints":{"allow":["GET"]}}],"collection":[{"href":"https:\/\/skubekneskubeti.lt\/pl\/wp-json\/wp\/v2\/pages"}],"about":[{"href":"https:\/\/skubekneskubeti.lt\/pl\/wp-json\/wp\/v2\/types\/page"}],"author":[{"embeddable":true,"href":"https:\/\/skubekneskubeti.lt\/pl\/wp-json\/wp\/v2\/users\/3"}],"replies":[{"embeddable":true,"href":"https:\/\/skubekneskubeti.lt\/pl\/wp-json\/wp\/v2\/comments?post=301"}],"version-history":[{"count":133,"href":"https:\/\/skubekneskubeti.lt\/pl\/wp-json\/wp\/v2\/pages\/301\/revisions"}],"predecessor-version":[{"id":2609,"href":"https:\/\/skubekneskubeti.lt\/pl\/wp-json\/wp\/v2\/pages\/301\/revisions\/2609"}],"wp:attachment":[{"href":"https:\/\/skubekneskubeti.lt\/pl\/wp-json\/wp\/v2\/media?parent=301"}],"curies":[{"name":"wp","href":"https:\/\/api.w.org\/{rel}","templated":true}]}}