{"id":2090,"date":"2026-01-28T17:04:48","date_gmt":"2026-01-28T15:04:48","guid":{"rendered":"https:\/\/skubekneskubeti.lt\/?page_id=2090"},"modified":"2026-03-16T16:08:24","modified_gmt":"2026-03-16T14:08:24","slug":"naudojimosi-taisykles","status":"publish","type":"page","link":"https:\/\/skubekneskubeti.lt\/ru\/naudojimosi-taisykles\/","title":{"rendered":"Naudojimosi taisykl\u0117s"},"content":{"rendered":"<div data-elementor-type=\"wp-page\" data-elementor-id=\"2090\" class=\"elementor elementor-2090\" data-elementor-post-type=\"page\">\n\t\t\t\t<div class=\"elementor-element elementor-element-4721886b e-con-full e-flex e-con e-parent\" data-id=\"4721886b\" data-element_type=\"container\" data-settings=\"{&quot;background_background&quot;:&quot;classic&quot;}\">\n\t\t\t\t<div class=\"elementor-element elementor-element-54aba350 elementor-widget elementor-widget-heading\" data-id=\"54aba350\" data-element_type=\"widget\" data-widget_type=\"heading.default\">\n\t\t\t\t\t<h1 class=\"elementor-heading-title elementor-size-default\">Naudojimosi taisykl\u0117s<\/h1>\t\t\t\t<\/div>\n\t\t\t\t<\/div>\n\t\t<div class=\"elementor-element elementor-element-58939e e-con-full e-flex e-con e-parent\" data-id=\"58939e\" data-element_type=\"container\" data-settings=\"{&quot;background_background&quot;:&quot;classic&quot;}\">\n\t\t<div class=\"elementor-element elementor-element-c506020 e-flex e-con-boxed e-con e-child\" data-id=\"c506020\" data-element_type=\"container\" data-settings=\"{&quot;background_background&quot;:&quot;classic&quot;}\">\n\t\t\t\t\t<div class=\"e-con-inner\">\n\t\t<div class=\"elementor-element elementor-element-6b681aa e-con-full e-flex e-con e-child\" data-id=\"6b681aa\" data-element_type=\"container\">\n\t\t\t\t<div class=\"elementor-element elementor-element-8a3cf5b privatumo-politika-style elementor-widget elementor-widget-text-editor\" data-id=\"8a3cf5b\" data-element_type=\"widget\" data-widget_type=\"text-editor.default\">\n\t\t\t\t\t\t\t\t\tSu d\u017eiaugsmu laukiame J\u016bs\u0173 atvykstant pas mus \u2013\u00a0<strong>Skub\u0117k Neskub\u0117ti<\/strong>! Mes r\u016bpestingai puosel\u0117jame poilsio erdv\u0119 gamtoje ir \u0161ias taisykles pareng\u0117me siekdami u\u017etikrinti J\u016bs\u0173 saugum\u0105, komfort\u0105 bei maloni\u0105 vie\u0161nag\u0119 visiems sve\u010diams. Rezervuodami poils\u012f pas mus, J\u016bs patvirtinate, kad susipa\u017einote su \u0161iomis taisykl\u0117mis, sutinkate j\u0173 laikytis ir prisiimate atsakomyb\u0119 u\u017e savo bei lydin\u010di\u0173 asmen\u0173 elges\u012f.\n\nSvarbu\n<ul>\n \t<li><strong>Skub\u0117k Neskub\u0117ti<\/strong>\u00a0\u2013 tai ramyb\u0117s ir poilsio erdv\u0117 gamtoje, tod\u0117l vakar\u0117liai ir triuk\u0161mingi renginiai m\u016bs\u0173 teritorijoje n\u0117ra leid\u017eiami;<\/li>\n \t<li>Draud\u017eiama kviestis papildomus sve\u010dius;<\/li>\n \t<li>Rezervacija laikoma patvirtinta tik gavus 100 % i\u0161ankstin\u012f apmok\u0117jim\u0105;<\/li>\n \t<li>Rezervacijos at\u0161aukimas ir pinig\u0173 gr\u0105\u017einimas galimas ne v\u0117liau kaip likus 2 kalendorin\u0117ms dienoms iki atvykimo dienos;<\/li>\n \t<li>Nei\u0161buvus viso numatyto poilsio laikotarpio, mokestis u\u017e nei\u0161b\u016bt\u0105 laik\u0105 negr\u0105\u017einamas.<\/li>\n<\/ul>\nAtvykimas ir i\u0161vykimas\n<ul>\n \t<li>Atvykimo laikas yra nuo 15:00 val., i\u0161vykimo laikas yra iki 11:00 val., kiti laikai derinami individualiai, siekiant u\u017etikrinti skland\u0173 poilsio erdvi\u0173 paruo\u0161im\u0105;<\/li>\n \t<li>Pra\u0161ome laikytis numatyto atvykimo ir i\u0161vykimo laiko.<\/li>\n<\/ul>\nSaugumas\n<ul>\n \t<li>Priimami pilname\u010diai sve\u010diai tik nuo 18 met\u0173.<\/li>\n \t<li>U\u017e padaryt\u0105 \u017eal\u0105 inventoriui atsako sve\u010diai;<\/li>\n \t<li>U\u017e galimus nelaimingus atsitikimus Skubek Neskubeti teritorijoje ar u\u017e jos rib\u0173 atsakomyb\u0119 prisiima patys sve\u010diai.<\/li>\n<\/ul>\nAugintiniai\n<ul>\n \t<li>Apgyvendinimo \u012fstaigoje augintiniai nepriimami.<\/li>\n<\/ul>\nVidaus tvarka\n<ul>\n \t<li>Nameliuose vaik\u0161toma be bat\u0173;<\/li>\n \t<li>Viduje r\u016bkyti draud\u017eiama \u2013 r\u016bkyti leid\u017eiama tik lauke, nuor\u016bkas metant \u012f tam skirtas pelenines;<\/li>\n \t<li>Draud\u017eiama deginti \u017evakes, smilkalus ir kitas atvir\u0105 ugn\u012f sukelian\u010dias priemones;<\/li>\n \t<li>Kepsnin\u0117s skirtos tik maisto gamybai ir negali b\u016bti perkeliamos.<\/li>\n<\/ul>\nInventorius\n<ul>\n \t<li>Visa \u012franga turi b\u016bti naudojama tik pagal paskirt\u012f;<\/li>\n \t<li>U\u017e sugadint\u0105 ar prarast\u0105 inventori\u0173 taikoma materialin\u0117 atsakomyb\u0117 pagal rinkos kainas;<\/li>\n \t<li>I\u0161vykstant pra\u0161ome visk\u0105 palikti tvarkingai.<\/li>\n<\/ul>\nAplinka\n<ul>\n \t<li>\u0160iuk\u0161linti, lau\u017eyti, niokoti augalus ar kitaip \u017ealoti aplink\u0105 \u2013 grie\u017etai draud\u017eiama;<\/li>\n \t<li>Pra\u0161ome tausoti gamt\u0105 ir gerbti Skubek Neskubeti teritorij\u0105.<\/li>\n<\/ul>\nUgnis\n<ul>\n \t<li>Atvira ugnis leid\u017eiama tik tam skirtose vietose ir kepsnin\u0117se;<\/li>\n \t<li>Ugnis negali b\u016bti paliekama be prie\u017ei\u016bros ir privalo b\u016bti u\u017egesinta paliekant viet\u0105.<\/li>\n<\/ul>\n<h4>Kontaktai<\/h4>\nJeigu kilt\u0173 klausim\u0173, susisiekite: <\/br>\nTel.: <a style=\"color:#73754b\" href=\"tel:+37068633898\">+370 686 33898<\/a>, <a style=\"color:#73754b\" href=\"tel:+37067720500\">+370 677 20500<\/a><\/br>\nEl. pa\u0161tas: <a style=\"color:#73754b\"href=\"mailto:skubekneskubeti@gmail.com\">skubekneskubeti@gmail.com<\/a>\nAdresas: Politi\u0161ki\u0173 km., Tauragn\u0173 sen., Utenos raj., Lietuva<\/br><\/br>\n\nSu \u0161iltais link\u0117jimais,<\/br>\n<strong>Skub\u0117k Neskub\u0117ti komanda \ud83d\udc9a<\/strong>\t\t\t\t\t\t\t\t<\/div>\n\t\t\t\t<\/div>\n\t\t\t\t\t<\/div>\n\t\t\t\t<\/div>\n\t\t\t\t<\/div>\n\t\t\t\t<\/div>","protected":false},"excerpt":{"rendered":"<p>Naudojimosi taisykl\u0117s Su d\u017eiaugsmu laukiame J\u016bs\u0173 atvykstant pas mus \u2013\u00a0Skub\u0117k Neskub\u0117ti! Mes r\u016bpestingai puosel\u0117jame poilsio erdv\u0119 gamtoje ir \u0161ias taisykles pareng\u0117me siekdami u\u017etikrinti J\u016bs\u0173 saugum\u0105, komfort\u0105 bei maloni\u0105 vie\u0161nag\u0119 visiems sve\u010diams. Rezervuodami poils\u012f pas mus, J\u016bs patvirtinate, kad susipa\u017einote su \u0161iomis taisykl\u0117mis, sutinkate j\u0173 laikytis ir prisiimate atsakomyb\u0119 u\u017e savo bei lydin\u010di\u0173 asmen\u0173 elges\u012f. Svarbu [&hellip;]<\/p>","protected":false},"author":3,"featured_media":0,"parent":0,"menu_order":0,"comment_status":"closed","ping_status":"closed","template":"","meta":{"site-sidebar-layout":"no-sidebar","site-content-layout":"page-builder","ast-site-content-layout":"full-width-container","site-content-style":"unboxed","site-sidebar-style":"unboxed","ast-global-header-display":"","ast-banner-title-visibility":"disabled","ast-main-header-display":"","ast-hfb-above-header-display":"","ast-hfb-below-header-display":"","ast-hfb-mobile-header-display":"","site-post-title":"disabled","ast-breadcrumbs-content":"","ast-featured-img":"disabled","footer-sml-layout":"","theme-transparent-header-meta":"enabled","adv-header-id-meta":"","stick-header-meta":"","header-above-stick-meta":"","header-main-stick-meta":"","header-below-stick-meta":"","astra-migrate-meta-layouts":"set","ast-page-background-enabled":"default","ast-page-background-meta":{"desktop":{"background-color":"var(--ast-global-color-4)","background-image":"","background-repeat":"repeat","background-position":"center center","background-size":"auto","background-attachment":"scroll","background-type":"","background-media":"","overlay-type":"","overlay-color":"","overlay-opacity":"","overlay-gradient":""},"tablet":{"background-color":"","background-image":"","background-repeat":"repeat","background-position":"center center","background-size":"auto","background-attachment":"scroll","background-type":"","background-media":"","overlay-type":"","overlay-color":"","overlay-opacity":"","overlay-gradient":""},"mobile":{"background-color":"","background-image":"","background-repeat":"repeat","background-position":"center center","background-size":"auto","background-attachment":"scroll","background-type":"","background-media":"","overlay-type":"","overlay-color":"","overlay-opacity":"","overlay-gradient":""}},"ast-content-background-meta":{"desktop":{"background-color":"var(--ast-global-color-5)","background-image":"","background-repeat":"repeat","background-position":"center center","background-size":"auto","background-attachment":"scroll","background-type":"","background-media":"","overlay-type":"","overlay-color":"","overlay-opacity":"","overlay-gradient":""},"tablet":{"background-color":"var(--ast-global-color-5)","background-image":"","background-repeat":"repeat","background-position":"center center","background-size":"auto","background-attachment":"scroll","background-type":"","background-media":"","overlay-type":"","overlay-color":"","overlay-opacity":"","overlay-gradient":""},"mobile":{"background-color":"var(--ast-global-color-5)","background-image":"","background-repeat":"repeat","background-position":"center center","background-size":"auto","background-attachment":"scroll","background-type":"","background-media":"","overlay-type":"","overlay-color":"","overlay-opacity":"","overlay-gradient":""}},"footnotes":""},"class_list":["post-2090","page","type-page","status-publish","hentry"],"yoast_head":"<!-- This site is optimized with the Yoast SEO Premium plugin v25.7.1 (Yoast SEO v26.4) - https:\/\/yoast.com\/wordpress\/plugins\/seo\/ -->\n<title>Naudojimosi taisykl\u0117s - Skubek neskub\u0117ti<\/title>\n<meta name=\"robots\" content=\"index, follow, max-snippet:-1, max-image-preview:large, max-video-preview:-1\" \/>\n<link rel=\"canonical\" href=\"https:\/\/skubekneskubeti.lt\/ru\/naudojimosi-taisykles\/\" \/>\n<meta property=\"og:locale\" content=\"ru_RU\" \/>\n<meta property=\"og:type\" content=\"article\" \/>\n<meta property=\"og:title\" content=\"Naudojimosi taisykl\u0117s\" \/>\n<meta property=\"og:description\" content=\"Naudojimosi taisykl\u0117s Su d\u017eiaugsmu laukiame J\u016bs\u0173 atvykstant pas mus \u2013\u00a0Skub\u0117k Neskub\u0117ti! Mes r\u016bpestingai puosel\u0117jame poilsio erdv\u0119 gamtoje ir \u0161ias taisykles pareng\u0117me siekdami u\u017etikrinti J\u016bs\u0173 saugum\u0105, komfort\u0105 bei maloni\u0105 vie\u0161nag\u0119 visiems sve\u010diams. Rezervuodami poils\u012f pas mus, J\u016bs patvirtinate, kad susipa\u017einote su \u0161iomis taisykl\u0117mis, sutinkate j\u0173 laikytis ir prisiimate atsakomyb\u0119 u\u017e savo bei lydin\u010di\u0173 asmen\u0173 elges\u012f. Svarbu [&hellip;]\" \/>\n<meta property=\"og:url\" content=\"https:\/\/skubekneskubeti.lt\/ru\/naudojimosi-taisykles\/\" \/>\n<meta property=\"og:site_name\" content=\"Skubek neskub\u0117ti\" \/>\n<meta property=\"article:modified_time\" content=\"2026-03-16T14:08:24+00:00\" \/>\n<meta name=\"twitter:card\" content=\"summary_large_image\" \/>\n<meta name=\"twitter:label1\" content=\"\u041f\u0440\u0438\u043c\u0435\u0440\u043d\u043e\u0435 \u0432\u0440\u0435\u043c\u044f \u0434\u043b\u044f \u0447\u0442\u0435\u043d\u0438\u044f\" \/>\n\t<meta name=\"twitter:data1\" content=\"2 \u043c\u0438\u043d\u0443\u0442\u044b\" \/>\n<script type=\"application\/ld+json\" class=\"yoast-schema-graph\">{\"@context\":\"https:\/\/schema.org\",\"@graph\":[{\"@type\":\"WebPage\",\"@id\":\"https:\/\/skubekneskubeti.lt\/naudojimosi-taisykles\/\",\"url\":\"https:\/\/skubekneskubeti.lt\/naudojimosi-taisykles\/\",\"name\":\"Naudojimosi taisykl\u0117s - Skubek neskub\u0117ti\",\"isPartOf\":{\"@id\":\"https:\/\/skubekneskubeti.lt\/#website\"},\"datePublished\":\"2026-01-28T15:04:48+00:00\",\"dateModified\":\"2026-03-16T14:08:24+00:00\",\"breadcrumb\":{\"@id\":\"https:\/\/skubekneskubeti.lt\/naudojimosi-taisykles\/#breadcrumb\"},\"inLanguage\":\"ru-RU\",\"potentialAction\":[{\"@type\":\"ReadAction\",\"target\":[\"https:\/\/skubekneskubeti.lt\/naudojimosi-taisykles\/\"]}]},{\"@type\":\"BreadcrumbList\",\"@id\":\"https:\/\/skubekneskubeti.lt\/naudojimosi-taisykles\/#breadcrumb\",\"itemListElement\":[{\"@type\":\"ListItem\",\"position\":1,\"name\":\"Home\",\"item\":\"https:\/\/skubekneskubeti.lt\/\"},{\"@type\":\"ListItem\",\"position\":2,\"name\":\"Naudojimosi taisykl\u0117s\"}]},{\"@type\":\"WebSite\",\"@id\":\"https:\/\/skubekneskubeti.lt\/#website\",\"url\":\"https:\/\/skubekneskubeti.lt\/\",\"name\":\"Skubek neskub\u0117ti\",\"description\":\"\",\"publisher\":{\"@id\":\"https:\/\/skubekneskubeti.lt\/#organization\"},\"potentialAction\":[{\"@type\":\"SearchAction\",\"target\":{\"@type\":\"EntryPoint\",\"urlTemplate\":\"https:\/\/skubekneskubeti.lt\/?s={search_term_string}\"},\"query-input\":{\"@type\":\"PropertyValueSpecification\",\"valueRequired\":true,\"valueName\":\"search_term_string\"}}],\"inLanguage\":\"ru-RU\"},{\"@type\":\"Organization\",\"@id\":\"https:\/\/skubekneskubeti.lt\/#organization\",\"name\":\"Skubek neskub\u0117ti\",\"url\":\"https:\/\/skubekneskubeti.lt\/\",\"logo\":{\"@type\":\"ImageObject\",\"inLanguage\":\"ru-RU\",\"@id\":\"https:\/\/skubekneskubeti.lt\/#\/schema\/logo\/image\/\",\"url\":\"https:\/\/skubekneskubeti.lt\/wp-content\/uploads\/2025\/12\/logo.jpg\",\"contentUrl\":\"https:\/\/skubekneskubeti.lt\/wp-content\/uploads\/2025\/12\/logo.jpg\",\"width\":2000,\"height\":2001,\"caption\":\"Skubek neskub\u0117ti\"},\"image\":{\"@id\":\"https:\/\/skubekneskubeti.lt\/#\/schema\/logo\/image\/\"}}]}<\/script>\n<!-- \/ Yoast SEO Premium plugin. -->","yoast_head_json":{"title":"Naudojimosi taisykl\u0117s - Skubek neskub\u0117ti","robots":{"index":"index","follow":"follow","max-snippet":"max-snippet:-1","max-image-preview":"max-image-preview:large","max-video-preview":"max-video-preview:-1"},"canonical":"https:\/\/skubekneskubeti.lt\/ru\/naudojimosi-taisykles\/","og_locale":"ru_RU","og_type":"article","og_title":"Naudojimosi taisykl\u0117s","og_description":"Naudojimosi taisykl\u0117s Su d\u017eiaugsmu laukiame J\u016bs\u0173 atvykstant pas mus \u2013\u00a0Skub\u0117k Neskub\u0117ti! Mes r\u016bpestingai puosel\u0117jame poilsio erdv\u0119 gamtoje ir \u0161ias taisykles pareng\u0117me siekdami u\u017etikrinti J\u016bs\u0173 saugum\u0105, komfort\u0105 bei maloni\u0105 vie\u0161nag\u0119 visiems sve\u010diams. Rezervuodami poils\u012f pas mus, J\u016bs patvirtinate, kad susipa\u017einote su \u0161iomis taisykl\u0117mis, sutinkate j\u0173 laikytis ir prisiimate atsakomyb\u0119 u\u017e savo bei lydin\u010di\u0173 asmen\u0173 elges\u012f. Svarbu [&hellip;]","og_url":"https:\/\/skubekneskubeti.lt\/ru\/naudojimosi-taisykles\/","og_site_name":"Skubek neskub\u0117ti","article_modified_time":"2026-03-16T14:08:24+00:00","twitter_card":"summary_large_image","twitter_misc":{"\u041f\u0440\u0438\u043c\u0435\u0440\u043d\u043e\u0435 \u0432\u0440\u0435\u043c\u044f \u0434\u043b\u044f \u0447\u0442\u0435\u043d\u0438\u044f":"2 \u043c\u0438\u043d\u0443\u0442\u044b"},"schema":{"@context":"https:\/\/schema.org","@graph":[{"@type":"WebPage","@id":"https:\/\/skubekneskubeti.lt\/naudojimosi-taisykles\/","url":"https:\/\/skubekneskubeti.lt\/naudojimosi-taisykles\/","name":"Naudojimosi taisykl\u0117s - Skubek neskub\u0117ti","isPartOf":{"@id":"https:\/\/skubekneskubeti.lt\/#website"},"datePublished":"2026-01-28T15:04:48+00:00","dateModified":"2026-03-16T14:08:24+00:00","breadcrumb":{"@id":"https:\/\/skubekneskubeti.lt\/naudojimosi-taisykles\/#breadcrumb"},"inLanguage":"ru-RU","potentialAction":[{"@type":"ReadAction","target":["https:\/\/skubekneskubeti.lt\/naudojimosi-taisykles\/"]}]},{"@type":"BreadcrumbList","@id":"https:\/\/skubekneskubeti.lt\/naudojimosi-taisykles\/#breadcrumb","itemListElement":[{"@type":"ListItem","position":1,"name":"Home","item":"https:\/\/skubekneskubeti.lt\/"},{"@type":"ListItem","position":2,"name":"Naudojimosi taisykl\u0117s"}]},{"@type":"WebSite","@id":"https:\/\/skubekneskubeti.lt\/#website","url":"https:\/\/skubekneskubeti.lt\/","name":"Skubek neskub\u0117ti","description":"","publisher":{"@id":"https:\/\/skubekneskubeti.lt\/#organization"},"potentialAction":[{"@type":"SearchAction","target":{"@type":"EntryPoint","urlTemplate":"https:\/\/skubekneskubeti.lt\/?s={search_term_string}"},"query-input":{"@type":"PropertyValueSpecification","valueRequired":true,"valueName":"search_term_string"}}],"inLanguage":"ru-RU"},{"@type":"Organization","@id":"https:\/\/skubekneskubeti.lt\/#organization","name":"Skubek neskub\u0117ti","url":"https:\/\/skubekneskubeti.lt\/","logo":{"@type":"ImageObject","inLanguage":"ru-RU","@id":"https:\/\/skubekneskubeti.lt\/#\/schema\/logo\/image\/","url":"https:\/\/skubekneskubeti.lt\/wp-content\/uploads\/2025\/12\/logo.jpg","contentUrl":"https:\/\/skubekneskubeti.lt\/wp-content\/uploads\/2025\/12\/logo.jpg","width":2000,"height":2001,"caption":"Skubek neskub\u0117ti"},"image":{"@id":"https:\/\/skubekneskubeti.lt\/#\/schema\/logo\/image\/"}}]}},"_links":{"self":[{"href":"https:\/\/skubekneskubeti.lt\/ru\/wp-json\/wp\/v2\/pages\/2090","targetHints":{"allow":["GET"]}}],"collection":[{"href":"https:\/\/skubekneskubeti.lt\/ru\/wp-json\/wp\/v2\/pages"}],"about":[{"href":"https:\/\/skubekneskubeti.lt\/ru\/wp-json\/wp\/v2\/types\/page"}],"author":[{"embeddable":true,"href":"https:\/\/skubekneskubeti.lt\/ru\/wp-json\/wp\/v2\/users\/3"}],"replies":[{"embeddable":true,"href":"https:\/\/skubekneskubeti.lt\/ru\/wp-json\/wp\/v2\/comments?post=2090"}],"version-history":[{"count":29,"href":"https:\/\/skubekneskubeti.lt\/ru\/wp-json\/wp\/v2\/pages\/2090\/revisions"}],"predecessor-version":[{"id":2691,"href":"https:\/\/skubekneskubeti.lt\/ru\/wp-json\/wp\/v2\/pages\/2090\/revisions\/2691"}],"wp:attachment":[{"href":"https:\/\/skubekneskubeti.lt\/ru\/wp-json\/wp\/v2\/media?parent=2090"}],"curies":[{"name":"wp","href":"https:\/\/api.w.org\/{rel}","templated":true}]}}