{"id":2100,"date":"2026-01-28T17:09:28","date_gmt":"2026-01-28T15:09:28","guid":{"rendered":"https:\/\/skubekneskubeti.lt\/?page_id=2100"},"modified":"2026-03-16T16:10:41","modified_gmt":"2026-03-16T14:10:41","slug":"rezervacijos-atsaukimas","status":"publish","type":"page","link":"https:\/\/skubekneskubeti.lt\/ru\/rezervacijos-atsaukimas\/","title":{"rendered":"Rezervacijos at\u0161aukimas"},"content":{"rendered":"<div data-elementor-type=\"wp-page\" data-elementor-id=\"2100\" class=\"elementor elementor-2100\" data-elementor-post-type=\"page\">\n\t\t\t\t<div class=\"elementor-element elementor-element-41842fc3 e-con-full e-flex e-con e-parent\" data-id=\"41842fc3\" data-element_type=\"container\" data-settings=\"{&quot;background_background&quot;:&quot;classic&quot;}\">\n\t\t\t\t<div class=\"elementor-element elementor-element-26a311be elementor-widget elementor-widget-heading\" data-id=\"26a311be\" data-element_type=\"widget\" data-widget_type=\"heading.default\">\n\t\t\t\t\t<h1 class=\"elementor-heading-title elementor-size-default\">Rezervacijos at\u0161aukimas<\/h1>\t\t\t\t<\/div>\n\t\t\t\t<\/div>\n\t\t<div class=\"elementor-element elementor-element-58939e e-con-full e-flex e-con e-parent\" data-id=\"58939e\" data-element_type=\"container\" data-settings=\"{&quot;background_background&quot;:&quot;classic&quot;}\">\n\t\t<div class=\"elementor-element elementor-element-c506020 e-flex e-con-boxed e-con e-child\" data-id=\"c506020\" data-element_type=\"container\" data-settings=\"{&quot;background_background&quot;:&quot;classic&quot;}\">\n\t\t\t\t\t<div class=\"e-con-inner\">\n\t\t<div class=\"elementor-element elementor-element-6b681aa e-con-full e-flex e-con e-child\" data-id=\"6b681aa\" data-element_type=\"container\">\n\t\t\t\t<div class=\"elementor-element elementor-element-8a3cf5b elementor-widget elementor-widget-text-editor\" data-id=\"8a3cf5b\" data-element_type=\"widget\" data-widget_type=\"text-editor.default\">\n\t\t\t\t\t\t\t\t\tRezervacijos at\u0161aukimas ir keitimas\n\n\u012eprastai rezervacij\u0105 at\u0161aukti ir atgauti vis\u0105 sumok\u0117t\u0105 sum\u0105 arba perkelti rezervacij\u0105 \u012f kit\u0105 dat\u0105 galima ne v\u0117liau kaip\u00a0<strong>likus 2 kalendorin\u0117m dienom<\/strong>\u00a0iki J\u016bs\u0173 suplanuoto poilsio\u00a0<strong>Skub\u0117k Neskub\u0117ti<\/strong>.\n\nSuprantame, kad gyvenime pasitaiko netik\u0117t\u0173 situacij\u0173, tod\u0117l esant poreikiui at\u0161aukti rezervacij\u0105 ar perkelti j\u0105 \u012f kit\u0105 dat\u0105\u00a0<strong>v\u0117liau nei likus 2 dienom<\/strong>, pra\u0161ome su mumis susisiekti\u00a0<strong>kiek \u012fmanoma anks\u010diau<\/strong>. Visada stengiam\u0117s bendrauti atvirai ir ie\u0161koti\u00a0<strong>abiem pus\u0117ms priimtiniausio sprendimo<\/strong>.<\/br><\/br>\n\nM\u016bs\u0173 kontaktai: <\/br>\nTel.:\u00a0<a style=\"color: #73754b;\" href=\"tel:+37068633898\">+370 686 33898<\/a>,\u00a0<a style=\"color: #73754b;\" href=\"tel:+37067720500\">+370 677 20500<\/a><\/br>\nEl. pa\u0161tas:\u00a0<a style=\"color: #73754b;\"href=\"mailto:skubekneskubeti@gmail.com\">skubekneskubeti@gmail.com<\/a>\t\t\t\t\t\t\t\t<\/div>\n\t\t\t\t<\/div>\n\t\t\t\t\t<\/div>\n\t\t\t\t<\/div>\n\t\t\t\t<\/div>\n\t\t\t\t<\/div>","protected":false},"excerpt":{"rendered":"<p>Rezervacijos at\u0161aukimas Rezervacijos at\u0161aukimas ir keitimas \u012eprastai rezervacij\u0105 at\u0161aukti ir atgauti vis\u0105 sumok\u0117t\u0105 sum\u0105 arba perkelti rezervacij\u0105 \u012f kit\u0105 dat\u0105 galima ne v\u0117liau kaip\u00a0likus 2 kalendorin\u0117m dienom\u00a0iki J\u016bs\u0173 suplanuoto poilsio\u00a0Skub\u0117k Neskub\u0117ti. Suprantame, kad gyvenime pasitaiko netik\u0117t\u0173 situacij\u0173, tod\u0117l esant poreikiui at\u0161aukti rezervacij\u0105 ar perkelti j\u0105 \u012f kit\u0105 dat\u0105\u00a0v\u0117liau nei likus 2 dienom, pra\u0161ome su mumis [&hellip;]<\/p>","protected":false},"author":3,"featured_media":0,"parent":0,"menu_order":0,"comment_status":"closed","ping_status":"closed","template":"","meta":{"site-sidebar-layout":"no-sidebar","site-content-layout":"page-builder","ast-site-content-layout":"full-width-container","site-content-style":"unboxed","site-sidebar-style":"unboxed","ast-global-header-display":"","ast-banner-title-visibility":"disabled","ast-main-header-display":"","ast-hfb-above-header-display":"","ast-hfb-below-header-display":"","ast-hfb-mobile-header-display":"","site-post-title":"disabled","ast-breadcrumbs-content":"","ast-featured-img":"disabled","footer-sml-layout":"","theme-transparent-header-meta":"enabled","adv-header-id-meta":"","stick-header-meta":"","header-above-stick-meta":"","header-main-stick-meta":"","header-below-stick-meta":"","astra-migrate-meta-layouts":"set","ast-page-background-enabled":"default","ast-page-background-meta":{"desktop":{"background-color":"var(--ast-global-color-4)","background-image":"","background-repeat":"repeat","background-position":"center center","background-size":"auto","background-attachment":"scroll","background-type":"","background-media":"","overlay-type":"","overlay-color":"","overlay-opacity":"","overlay-gradient":""},"tablet":{"background-color":"","background-image":"","background-repeat":"repeat","background-position":"center center","background-size":"auto","background-attachment":"scroll","background-type":"","background-media":"","overlay-type":"","overlay-color":"","overlay-opacity":"","overlay-gradient":""},"mobile":{"background-color":"","background-image":"","background-repeat":"repeat","background-position":"center center","background-size":"auto","background-attachment":"scroll","background-type":"","background-media":"","overlay-type":"","overlay-color":"","overlay-opacity":"","overlay-gradient":""}},"ast-content-background-meta":{"desktop":{"background-color":"var(--ast-global-color-5)","background-image":"","background-repeat":"repeat","background-position":"center center","background-size":"auto","background-attachment":"scroll","background-type":"","background-media":"","overlay-type":"","overlay-color":"","overlay-opacity":"","overlay-gradient":""},"tablet":{"background-color":"var(--ast-global-color-5)","background-image":"","background-repeat":"repeat","background-position":"center center","background-size":"auto","background-attachment":"scroll","background-type":"","background-media":"","overlay-type":"","overlay-color":"","overlay-opacity":"","overlay-gradient":""},"mobile":{"background-color":"var(--ast-global-color-5)","background-image":"","background-repeat":"repeat","background-position":"center center","background-size":"auto","background-attachment":"scroll","background-type":"","background-media":"","overlay-type":"","overlay-color":"","overlay-opacity":"","overlay-gradient":""}},"footnotes":""},"class_list":["post-2100","page","type-page","status-publish","hentry"],"yoast_head":"<!-- This site is optimized with the Yoast SEO Premium plugin v25.7.1 (Yoast SEO v26.4) - https:\/\/yoast.com\/wordpress\/plugins\/seo\/ -->\n<title>Rezervacijos at\u0161aukimas - Skubek neskub\u0117ti<\/title>\n<meta name=\"robots\" content=\"index, follow, max-snippet:-1, max-image-preview:large, max-video-preview:-1\" \/>\n<link rel=\"canonical\" href=\"https:\/\/skubekneskubeti.lt\/ru\/rezervacijos-atsaukimas\/\" \/>\n<meta property=\"og:locale\" content=\"ru_RU\" \/>\n<meta property=\"og:type\" content=\"article\" \/>\n<meta property=\"og:title\" content=\"Rezervacijos at\u0161aukimas\" \/>\n<meta property=\"og:description\" content=\"Rezervacijos at\u0161aukimas Rezervacijos at\u0161aukimas ir keitimas \u012eprastai rezervacij\u0105 at\u0161aukti ir atgauti vis\u0105 sumok\u0117t\u0105 sum\u0105 arba perkelti rezervacij\u0105 \u012f kit\u0105 dat\u0105 galima ne v\u0117liau kaip\u00a0likus 2 kalendorin\u0117m dienom\u00a0iki J\u016bs\u0173 suplanuoto poilsio\u00a0Skub\u0117k Neskub\u0117ti. Suprantame, kad gyvenime pasitaiko netik\u0117t\u0173 situacij\u0173, tod\u0117l esant poreikiui at\u0161aukti rezervacij\u0105 ar perkelti j\u0105 \u012f kit\u0105 dat\u0105\u00a0v\u0117liau nei likus 2 dienom, pra\u0161ome su mumis [&hellip;]\" \/>\n<meta property=\"og:url\" content=\"https:\/\/skubekneskubeti.lt\/ru\/rezervacijos-atsaukimas\/\" \/>\n<meta property=\"og:site_name\" content=\"Skubek neskub\u0117ti\" \/>\n<meta property=\"article:modified_time\" content=\"2026-03-16T14:10:41+00:00\" \/>\n<meta name=\"twitter:card\" content=\"summary_large_image\" \/>\n<meta name=\"twitter:label1\" content=\"\u041f\u0440\u0438\u043c\u0435\u0440\u043d\u043e\u0435 \u0432\u0440\u0435\u043c\u044f \u0434\u043b\u044f \u0447\u0442\u0435\u043d\u0438\u044f\" \/>\n\t<meta name=\"twitter:data1\" content=\"1 \u043c\u0438\u043d\u0443\u0442\u0430\" \/>\n<script type=\"application\/ld+json\" class=\"yoast-schema-graph\">{\"@context\":\"https:\/\/schema.org\",\"@graph\":[{\"@type\":\"WebPage\",\"@id\":\"https:\/\/skubekneskubeti.lt\/rezervacijos-atsaukimas\/\",\"url\":\"https:\/\/skubekneskubeti.lt\/rezervacijos-atsaukimas\/\",\"name\":\"Rezervacijos at\u0161aukimas - Skubek neskub\u0117ti\",\"isPartOf\":{\"@id\":\"https:\/\/skubekneskubeti.lt\/#website\"},\"datePublished\":\"2026-01-28T15:09:28+00:00\",\"dateModified\":\"2026-03-16T14:10:41+00:00\",\"breadcrumb\":{\"@id\":\"https:\/\/skubekneskubeti.lt\/rezervacijos-atsaukimas\/#breadcrumb\"},\"inLanguage\":\"ru-RU\",\"potentialAction\":[{\"@type\":\"ReadAction\",\"target\":[\"https:\/\/skubekneskubeti.lt\/rezervacijos-atsaukimas\/\"]}]},{\"@type\":\"BreadcrumbList\",\"@id\":\"https:\/\/skubekneskubeti.lt\/rezervacijos-atsaukimas\/#breadcrumb\",\"itemListElement\":[{\"@type\":\"ListItem\",\"position\":1,\"name\":\"Home\",\"item\":\"https:\/\/skubekneskubeti.lt\/\"},{\"@type\":\"ListItem\",\"position\":2,\"name\":\"Rezervacijos at\u0161aukimas\"}]},{\"@type\":\"WebSite\",\"@id\":\"https:\/\/skubekneskubeti.lt\/#website\",\"url\":\"https:\/\/skubekneskubeti.lt\/\",\"name\":\"Skubek neskub\u0117ti\",\"description\":\"\",\"publisher\":{\"@id\":\"https:\/\/skubekneskubeti.lt\/#organization\"},\"potentialAction\":[{\"@type\":\"SearchAction\",\"target\":{\"@type\":\"EntryPoint\",\"urlTemplate\":\"https:\/\/skubekneskubeti.lt\/?s={search_term_string}\"},\"query-input\":{\"@type\":\"PropertyValueSpecification\",\"valueRequired\":true,\"valueName\":\"search_term_string\"}}],\"inLanguage\":\"ru-RU\"},{\"@type\":\"Organization\",\"@id\":\"https:\/\/skubekneskubeti.lt\/#organization\",\"name\":\"Skubek neskub\u0117ti\",\"url\":\"https:\/\/skubekneskubeti.lt\/\",\"logo\":{\"@type\":\"ImageObject\",\"inLanguage\":\"ru-RU\",\"@id\":\"https:\/\/skubekneskubeti.lt\/#\/schema\/logo\/image\/\",\"url\":\"https:\/\/skubekneskubeti.lt\/wp-content\/uploads\/2025\/12\/logo.jpg\",\"contentUrl\":\"https:\/\/skubekneskubeti.lt\/wp-content\/uploads\/2025\/12\/logo.jpg\",\"width\":2000,\"height\":2001,\"caption\":\"Skubek neskub\u0117ti\"},\"image\":{\"@id\":\"https:\/\/skubekneskubeti.lt\/#\/schema\/logo\/image\/\"}}]}<\/script>\n<!-- \/ Yoast SEO Premium plugin. -->","yoast_head_json":{"title":"Rezervacijos at\u0161aukimas - Skubek neskub\u0117ti","robots":{"index":"index","follow":"follow","max-snippet":"max-snippet:-1","max-image-preview":"max-image-preview:large","max-video-preview":"max-video-preview:-1"},"canonical":"https:\/\/skubekneskubeti.lt\/ru\/rezervacijos-atsaukimas\/","og_locale":"ru_RU","og_type":"article","og_title":"Rezervacijos at\u0161aukimas","og_description":"Rezervacijos at\u0161aukimas Rezervacijos at\u0161aukimas ir keitimas \u012eprastai rezervacij\u0105 at\u0161aukti ir atgauti vis\u0105 sumok\u0117t\u0105 sum\u0105 arba perkelti rezervacij\u0105 \u012f kit\u0105 dat\u0105 galima ne v\u0117liau kaip\u00a0likus 2 kalendorin\u0117m dienom\u00a0iki J\u016bs\u0173 suplanuoto poilsio\u00a0Skub\u0117k Neskub\u0117ti. Suprantame, kad gyvenime pasitaiko netik\u0117t\u0173 situacij\u0173, tod\u0117l esant poreikiui at\u0161aukti rezervacij\u0105 ar perkelti j\u0105 \u012f kit\u0105 dat\u0105\u00a0v\u0117liau nei likus 2 dienom, pra\u0161ome su mumis [&hellip;]","og_url":"https:\/\/skubekneskubeti.lt\/ru\/rezervacijos-atsaukimas\/","og_site_name":"Skubek neskub\u0117ti","article_modified_time":"2026-03-16T14:10:41+00:00","twitter_card":"summary_large_image","twitter_misc":{"\u041f\u0440\u0438\u043c\u0435\u0440\u043d\u043e\u0435 \u0432\u0440\u0435\u043c\u044f \u0434\u043b\u044f \u0447\u0442\u0435\u043d\u0438\u044f":"1 \u043c\u0438\u043d\u0443\u0442\u0430"},"schema":{"@context":"https:\/\/schema.org","@graph":[{"@type":"WebPage","@id":"https:\/\/skubekneskubeti.lt\/rezervacijos-atsaukimas\/","url":"https:\/\/skubekneskubeti.lt\/rezervacijos-atsaukimas\/","name":"Rezervacijos at\u0161aukimas - Skubek neskub\u0117ti","isPartOf":{"@id":"https:\/\/skubekneskubeti.lt\/#website"},"datePublished":"2026-01-28T15:09:28+00:00","dateModified":"2026-03-16T14:10:41+00:00","breadcrumb":{"@id":"https:\/\/skubekneskubeti.lt\/rezervacijos-atsaukimas\/#breadcrumb"},"inLanguage":"ru-RU","potentialAction":[{"@type":"ReadAction","target":["https:\/\/skubekneskubeti.lt\/rezervacijos-atsaukimas\/"]}]},{"@type":"BreadcrumbList","@id":"https:\/\/skubekneskubeti.lt\/rezervacijos-atsaukimas\/#breadcrumb","itemListElement":[{"@type":"ListItem","position":1,"name":"Home","item":"https:\/\/skubekneskubeti.lt\/"},{"@type":"ListItem","position":2,"name":"Rezervacijos at\u0161aukimas"}]},{"@type":"WebSite","@id":"https:\/\/skubekneskubeti.lt\/#website","url":"https:\/\/skubekneskubeti.lt\/","name":"Skubek neskub\u0117ti","description":"","publisher":{"@id":"https:\/\/skubekneskubeti.lt\/#organization"},"potentialAction":[{"@type":"SearchAction","target":{"@type":"EntryPoint","urlTemplate":"https:\/\/skubekneskubeti.lt\/?s={search_term_string}"},"query-input":{"@type":"PropertyValueSpecification","valueRequired":true,"valueName":"search_term_string"}}],"inLanguage":"ru-RU"},{"@type":"Organization","@id":"https:\/\/skubekneskubeti.lt\/#organization","name":"Skubek neskub\u0117ti","url":"https:\/\/skubekneskubeti.lt\/","logo":{"@type":"ImageObject","inLanguage":"ru-RU","@id":"https:\/\/skubekneskubeti.lt\/#\/schema\/logo\/image\/","url":"https:\/\/skubekneskubeti.lt\/wp-content\/uploads\/2025\/12\/logo.jpg","contentUrl":"https:\/\/skubekneskubeti.lt\/wp-content\/uploads\/2025\/12\/logo.jpg","width":2000,"height":2001,"caption":"Skubek neskub\u0117ti"},"image":{"@id":"https:\/\/skubekneskubeti.lt\/#\/schema\/logo\/image\/"}}]}},"_links":{"self":[{"href":"https:\/\/skubekneskubeti.lt\/ru\/wp-json\/wp\/v2\/pages\/2100","targetHints":{"allow":["GET"]}}],"collection":[{"href":"https:\/\/skubekneskubeti.lt\/ru\/wp-json\/wp\/v2\/pages"}],"about":[{"href":"https:\/\/skubekneskubeti.lt\/ru\/wp-json\/wp\/v2\/types\/page"}],"author":[{"embeddable":true,"href":"https:\/\/skubekneskubeti.lt\/ru\/wp-json\/wp\/v2\/users\/3"}],"replies":[{"embeddable":true,"href":"https:\/\/skubekneskubeti.lt\/ru\/wp-json\/wp\/v2\/comments?post=2100"}],"version-history":[{"count":25,"href":"https:\/\/skubekneskubeti.lt\/ru\/wp-json\/wp\/v2\/pages\/2100\/revisions"}],"predecessor-version":[{"id":2700,"href":"https:\/\/skubekneskubeti.lt\/ru\/wp-json\/wp\/v2\/pages\/2100\/revisions\/2700"}],"wp:attachment":[{"href":"https:\/\/skubekneskubeti.lt\/ru\/wp-json\/wp\/v2\/media?parent=2100"}],"curies":[{"name":"wp","href":"https:\/\/api.w.org\/{rel}","templated":true}]}}